{"id":27212,"date":"2025-07-01T16:44:18","date_gmt":"2025-07-01T14:44:18","guid":{"rendered":"https:\/\/len.ee\/onewood\/kontakt\/"},"modified":"2026-01-15T10:58:48","modified_gmt":"2026-01-15T08:58:48","slug":"kontakti","status":"publish","type":"page","link":"https:\/\/onewood.ee\/ru\/kontakti\/","title":{"rendered":"\u041a\u043e\u043d\u0442\u0430\u043a\u0442\u044b"},"content":{"rendered":"<div class=\"wpb-content-wrapper\">[vc_row css=&#187;.vc_custom_1752393813536{margin-right: 0px !important;margin-left: 0px !important;}&#187;][vc_column css=&#187;.vc_custom_1752393822481{padding-right: 0px !important;padding-left: 0px !important;}&#187;]    <div class=\"onewood-map\">\n        <div id=\"map\"><\/div>\n    <\/div>\n    <script>\n        function initMap() {\n            const centerCoords = {\n                lat: 59.357876983459256,\n                lng: 24.928794258431463            };\n            const mapOptions = {\n                center: centerCoords,\n                zoom: 14,\n                mapTypeControl: false,\n                fullscreenControl: false,\n                streetViewControl: false,\n                styles: [{\n                        \"elementType\": \"geometry\",\n                        \"stylers\": [{\n                            \"color\": \"#f5f5f5\"\n                        }]\n                    },\n                    {\n                        \"elementType\": \"labels.icon\",\n                        \"stylers\": [{\n                            \"visibility\": \"off\"\n                        }]\n                    },\n                    {\n                        \"elementType\": \"labels.text.fill\",\n                        \"stylers\": [{\n                            \"color\": \"#616161\"\n                        }]\n                    },\n                    {\n                        \"elementType\": \"labels.text.stroke\",\n                        \"stylers\": [{\n                            \"color\": \"#f5f5f5\"\n                        }]\n                    },\n                    {\n                        \"featureType\": \"administrative.land_parcel\",\n                        \"elementType\": \"labels.text.fill\",\n                        \"stylers\": [{\n                            \"color\": \"#bdbdbd\"\n                        }]\n                    },\n                    {\n                        \"featureType\": \"poi\",\n                        \"elementType\": \"geometry\",\n                        \"stylers\": [{\n                            \"color\": \"#eeeeee\"\n                        }]\n                    },\n                    {\n                        \"featureType\": \"poi\",\n                        \"elementType\": \"labels.text.fill\",\n                        \"stylers\": [{\n                            \"color\": \"#757575\"\n                        }]\n                    },\n                    {\n                        \"featureType\": \"road\",\n                        \"elementType\": \"geometry\",\n                        \"stylers\": [{\n                            \"color\": \"#cccccc\"\n                        }]\n                    },\n                    {\n                        \"featureType\": \"road\",\n                        \"elementType\": \"labels.text.fill\",\n                        \"stylers\": [{\n                            \"color\": \"#616161\"\n                        }]\n                    },\n                    {\n                        \"featureType\": \"water\",\n                        \"elementType\": \"geometry\",\n                        \"stylers\": [{\n                            \"color\": \"#cfd8dc\"\n                        }]\n                    },\n                    {\n                        \"featureType\": \"water\",\n                        \"elementType\": \"labels.text.fill\",\n                        \"stylers\": [{\n                            \"color\": \"#9e9e9e\"\n                        }]\n                    }\n                ]\n            };\n\n            const map = new google.maps.Map(document.getElementById(\"map\"), mapOptions);\n            const svgMarker = {\n                url: \"data:image\/svg+xml;utf-8,\" + encodeURIComponent(`\n                    <svg xmlns=\"http:\/\/www.w3.org\/2000\/svg\" viewBox=\"0 0 35.53 45.39\">\n                    <g>\n                        <g>\n                        <path fill=\"#5d9741\" d=\"M35.53,17.76C35.53,7.95,27.58,0,17.76,0S0,7.95,0,17.76c0,8.52,6.01,15.64,14.01,17.36l3.75,10.27,3.75-10.27c8.01-1.72,14.01-8.84,14.01-17.36Z\"\/>\n                        <path fill=\"#fff\" d=\"M31.11,21.88c.18-.57.32-1.16.42-1.76l-3.77-1.66,2.86-6.21c-.61-1.42-1.45-2.72-2.47-3.85l-4.65,10.09-2.32-6.29-.05-.12,3.1-6.71c-1.13-.59-2.36-1.03-3.65-1.29l-6.11,13.25-1.11-3,2.94-10.45c-.66.07-1.31.19-1.95.35l-2.04,7.25-2.02-5.47c-1.16.75-2.21,1.67-3.1,2.73l2.28,6.18-5.2-.37c-.13.58-.23,1.16-.29,1.76l6.17.44,1.42,3.84-7.45-.53c.11.62.25,1.23.43,1.81l7.57.54h.13s.67,1.83.67,1.83l-4.4,3.8c.45.4.92.78,1.42,1.12l3.64-3.14,1.99,5.41c.73.12,1.49.19,2.26.19.63,0,1.26-.05,1.87-.13l-2.13-5.79,4.83.89,1.37,3.7c1.21-.57,2.32-1.31,3.3-2.18l-1.67-4.53,1.62-3.52,4.1,1.8ZM16.85,23.78l-.49-1.33,2.5-5.42,2.82,7.64-4.83-.89Z\"\/>\n                        <\/g>\n                    <\/g>\n                    <\/svg>`),\n                scaledSize: new google.maps.Size(35, 45),\n                anchor: new google.maps.Point(16, 32)\n            };\n\n            const marker = new google.maps.Marker({\n                position: centerCoords,\n                map: map,\n                icon: svgMarker,\n                title: \"Onewood O\u00dc\"\n            });\n        }\n    <\/script>\n\n    <script async defer\n        src=\"https:\/\/maps.googleapis.com\/maps\/api\/js?key=AIzaSyAvC4r0IeU5Ti9rGoZmCeEGmErU05iuGco&callback=initMap\">\n    <\/script>\n[\/vc_column][\/vc_row][vc_row css=&#187;.vc_custom_1752500458668{margin-right: 0px !important;margin-left: 0px !important;background-color: #f2f2f2 !important;}&#187; el_class=&#187;contact-details&#187;][vc_column el_class=&#187;container&#187;][vc_row_inner][vc_column_inner width=&#187;1\/4&#8243;][vc_column_text css=&#187;.vc_custom_1756127659839{margin-bottom: 0px !important;}&#187;]\n<h3>\u041e\u0424\u0418\u0421 \u041f\u0420\u041e\u0414\u0410\u0416<\/h3>\n<p>Aruk\u00fcla tee 65<br \/>\n+372 555 15 116<br \/>\n75301 J\u00fcri, Eesti<br \/>\n\u041f\u043d-\u041f\u0442 9:00-16:30[\/vc_column_text][\/vc_column_inner][vc_column_inner width=&#187;1\/4&#8243;][vc_column_text css=&#187;.vc_custom_1752500903122{margin-bottom: 0px !important;}&#187;]\n<h3>OneWood O\u00dc<\/h3>\n<p>Reg nr 12887936<br \/>\nKMKR nr EE101832054<br \/>\nAruk\u00fcla tee 65<br \/>\n75301 J\u00fcri, Eesti[\/vc_column_text][\/vc_column_inner][vc_column_inner width=&#187;1\/4&#8243;][vc_column_text css=&#187;.vc_custom_1756127684229{margin-bottom: 0px !important;}&#187;]\n<h3>\u0411\u0430\u043d\u043a: SEB<\/h3>\n<p>IBAN: EE961010220245139221<br \/>\nBIC: EEUHEE2X<br \/>\nSEB, Tornim\u00e4e 2,<br \/>\n15010 Tallinn, Eesti[\/vc_column_text][\/vc_column_inner][vc_column_inner width=&#187;1\/4&#8243;][\/vc_column_inner][\/vc_row_inner][\/vc_column][\/vc_row][vc_row css=&#187;.vc_custom_1753186692295{padding-top: 60px !important;padding-bottom: 130px !important;}&#187; el_class=&#187;pb-m-50&#8243;][vc_column]    <div class=\"container\">\n\n                    <h2 class=\"section-title\">\u041a\u043e\u043c\u0430\u043d\u0434\u0430<\/h2>\n                <div class=\"team-members\">\n                            <div class=\"team-member\">\n                                            <img decoding=\"async\" class=\"team-member__image\" src=\"https:\/\/media.onewood.ee\/uploads\/\/2025\/07\/kristina-tops-koshurnikova_4524_form-1-224x300-1.jpg\" alt=\"Kristina Tops  \">\n                                        <h4 class=\"team-member__name\">Kristina Tops  <\/h4>\n                    <div class=\"team-member__info\">\u041c\u0435\u043d\u0435\u0434\u0436\u0435\u0440 \u043f\u043e \u043f\u0440\u043e\u0434\u0430\u0436\u0430\u043c<br \/>\n+372 555 15 116 <br \/>\nkristina.tops@onewood.ee<\/div>\n                                            <ul class=\"team-member__countries\">\n                                                            <li class=\"country-item estonia\"><\/li>\n                                                            <li class=\"country-item united_kindom\"><\/li>\n                                                            <li class=\"country-item rus\"><\/li>\n                                                    <\/ul>\n                                    <\/div>\n                            <div class=\"team-member\">\n                                            <img decoding=\"async\" class=\"team-member__image\" src=\"https:\/\/media.onewood.ee\/uploads\/\/2025\/07\/lauri_vill.jpg\" alt=\"Lauri Vill  \">\n                                        <h4 class=\"team-member__name\">Lauri Vill  <\/h4>\n                    <div class=\"team-member__info\">\u0420\u0443\u043a\u043e\u0432\u043e\u0434\u0438\u0442\u0435\u043b\u044c \u043f\u043e \u043f\u0440\u043e\u0434\u0430\u0436\u0430\u043c<br \/>\n+372 556 13 455 <br \/>\nlauri.vill@onewood.ee<\/div>\n                                            <ul class=\"team-member__countries\">\n                                                            <li class=\"country-item estonia\"><\/li>\n                                                            <li class=\"country-item united_kindom\"><\/li>\n                                                    <\/ul>\n                                    <\/div>\n                            <div class=\"team-member\">\n                                            <img decoding=\"async\" class=\"team-member__image\" src=\"https:\/\/media.onewood.ee\/uploads\/\/2025\/07\/olari_kontram-224x300-1.jpg\" alt=\"Olari Kontram  \">\n                                        <h4 class=\"team-member__name\">Olari Kontram  <\/h4>\n                    <div class=\"team-member__info\">\u0423\u043f\u0440\u0430\u0432\u043b\u044f\u044e\u0449\u0438\u0439 \u0434\u0438\u0440\u0435\u043a\u0442\u043e\u0440<br \/>\n+372 530 26 202<br \/>\nolari.kontram@onewood.ee<\/div>\n                                            <ul class=\"team-member__countries\">\n                                                            <li class=\"country-item estonia\"><\/li>\n                                                            <li class=\"country-item united_kindom\"><\/li>\n                                                            <li class=\"country-item finland\"><\/li>\n                                                    <\/ul>\n                                    <\/div>\n                            <div class=\"team-member\">\n                                            <img decoding=\"async\" class=\"team-member__image\" src=\"https:\/\/media.onewood.ee\/uploads\/\/2025\/07\/rait_mosona-224x300-1.jpg\" alt=\"Rait Mosona \">\n                                        <h4 class=\"team-member__name\">Rait Mosona <\/h4>\n                    <div class=\"team-member__info\">\u041c\u0435\u043d\u0435\u0434\u0436\u0435\u0440 \u043f\u043e \u043f\u0440\u043e\u0438\u0437\u0432\u043e\u0434\u0441\u0442\u0432\u0443<br \/>\n+372 562 81 661 <br \/>\nrait.mosona@onewood.ee<\/div>\n                                            <ul class=\"team-member__countries\">\n                                                            <li class=\"country-item estonia\"><\/li>\n                                                            <li class=\"country-item united_kindom\"><\/li>\n                                                    <\/ul>\n                                    <\/div>\n                            <div class=\"team-member\">\n                                            <img decoding=\"async\" class=\"team-member__image\" src=\"https:\/\/media.onewood.ee\/uploads\/\/2025\/07\/jorma_karolin-224x300-1.jpg\" alt=\"Jorma Karolin  \">\n                                        <h4 class=\"team-member__name\">Jorma Karolin  <\/h4>\n                    <div class=\"team-member__info\">\u041c\u0435\u043d\u0435\u0434\u0436\u0435\u0440 \u043f\u043e \u0440\u0430\u0437\u0432\u0438\u0442\u0438\u044e<br \/>\n+372 508 8839 <br \/>\njorma.karolin@onewood.ee<\/div>\n                                            <ul class=\"team-member__countries\">\n                                                            <li class=\"country-item estonia\"><\/li>\n                                                            <li class=\"country-item united_kindom\"><\/li>\n                                                    <\/ul>\n                                    <\/div>\n                            <div class=\"team-member\">\n                                            <img decoding=\"async\" class=\"team-member__image\" src=\"https:\/\/media.onewood.ee\/uploads\/\/2025\/07\/marek_somelar_7970_2-1-224x300-1.jpg\" alt=\"Marek Somelar  \">\n                                        <h4 class=\"team-member__name\">Marek Somelar  <\/h4>\n                    <div class=\"team-member__info\">\u0422\u0435\u0445\u043d\u0438\u0447\u0435\u0441\u043a\u0438\u0439 \u043c\u0435\u043d\u0435\u0434\u0436\u0435\u0440<br \/>\n+372 528 9085 <br \/>\nmarek.somelar@onewood.ee<\/div>\n                                            <ul class=\"team-member__countries\">\n                                                            <li class=\"country-item estonia\"><\/li>\n                                                            <li class=\"country-item united_kindom\"><\/li>\n                                                            <li class=\"country-item finland\"><\/li>\n                                                    <\/ul>\n                                    <\/div>\n                            <div class=\"team-member\">\n                                            <img decoding=\"async\" class=\"team-member__image\" src=\"https:\/\/media.onewood.ee\/uploads\/\/2025\/07\/aiaots_mg_522x700px-224x300-1.jpg\" alt=\"Margus Aiaots  \">\n                                        <h4 class=\"team-member__name\">Margus Aiaots  <\/h4>\n                    <div class=\"team-member__info\">\u042d\u043a\u0441\u043f\u043e\u0440\u0442<br \/>\n+372 523 1266 <br \/>\nmargus.aiaots@onewood.ee<\/div>\n                                            <ul class=\"team-member__countries\">\n                                                            <li class=\"country-item estonia\"><\/li>\n                                                            <li class=\"country-item united_kindom\"><\/li>\n                                                            <li class=\"country-item finland\"><\/li>\n                                                    <\/ul>\n                                    <\/div>\n                    <\/div>\n    <\/div>\n\n[\/vc_column][\/vc_row]\n<\/div>","protected":false},"excerpt":{"rendered":"<p>[vc_row css=&#187;.vc_custom_1752393813536{margin-right: 0px !important;margin-left: 0px !important;}&#187;][vc_column css=&#187;.vc_custom_1752393822481{padding-right: 0px !important;padding-left: 0px !important;}&#187;][\/vc_column][\/vc_row][vc_row css=&#187;.vc_custom_1752500458668{margin-right: 0px !important;margin-left: 0px !important;background-color: #f2f2f2 !important;}&#187; el_class=&#187;contact-details&#187;][vc_column el_class=&#187;container&#187;][vc_row_inner][vc_column_inner width=&#187;1\/4&#8243;][vc_column_text css=&#187;.vc_custom_1756127659839{margin-bottom: 0px !important;}&#187;] \u041e\u0424\u0418\u0421 \u041f\u0420\u041e\u0414\u0410\u0416 Aruk\u00fcla tee 65 +372 555 15 116 75301 J\u00fcri, Eesti \u041f\u043d-\u041f\u0442 9:00-16:30[\/vc_column_text][\/vc_column_inner][vc_column_inner width=&#187;1\/4&#8243;][vc_column_text css=&#187;.vc_custom_1752500903122{margin-bottom: 0px !important;}&#187;] OneWood O\u00dc Reg nr 12887936 KMKR nr EE101832054 Aruk\u00fcla tee 65 75301 J\u00fcri, [&hellip;]<\/p>\n","protected":false},"author":57,"featured_media":0,"parent":0,"menu_order":0,"comment_status":"closed","ping_status":"closed","template":"tpl-simple.php","meta":{"_acf_changed":false,"footnotes":""},"class_list":["post-27212","page","type-page","status-publish","hentry"],"acf":[],"_links":{"self":[{"href":"https:\/\/onewood.ee\/ru\/wp-json\/wp\/v2\/pages\/27212","targetHints":{"allow":["GET"]}}],"collection":[{"href":"https:\/\/onewood.ee\/ru\/wp-json\/wp\/v2\/pages"}],"about":[{"href":"https:\/\/onewood.ee\/ru\/wp-json\/wp\/v2\/types\/page"}],"author":[{"embeddable":true,"href":"https:\/\/onewood.ee\/ru\/wp-json\/wp\/v2\/users\/57"}],"replies":[{"embeddable":true,"href":"https:\/\/onewood.ee\/ru\/wp-json\/wp\/v2\/comments?post=27212"}],"version-history":[{"count":3,"href":"https:\/\/onewood.ee\/ru\/wp-json\/wp\/v2\/pages\/27212\/revisions"}],"predecessor-version":[{"id":28178,"href":"https:\/\/onewood.ee\/ru\/wp-json\/wp\/v2\/pages\/27212\/revisions\/28178"}],"wp:attachment":[{"href":"https:\/\/onewood.ee\/ru\/wp-json\/wp\/v2\/media?parent=27212"}],"curies":[{"name":"wp","href":"https:\/\/api.w.org\/{rel}","templated":true}]}}