{"id":13920,"date":"2018-03-14T14:29:24","date_gmt":"2018-03-14T12:29:24","guid":{"rendered":"https:\/\/onewood.ee\/?page_id=13920"},"modified":"2018-03-29T10:51:40","modified_gmt":"2018-03-29T08:51:40","slug":"hooldus","status":"publish","type":"page","link":"https:\/\/onewood.ee\/ru\/fasadq-2-old\/hooldus\/","title":{"rendered":"\u0423\u0445\u043e\u0434"},"content":{"rendered":"<div class=\"wpb-content-wrapper\">[vc_row css=&#187;.vc_custom_1464115210028{padding-top: 0px !important;padding-right: 0px !important;padding-bottom: 0px !important;padding-left: 0px !important;}&#187;][vc_column][rev_slider alias=&#187;fassaadid-rus&#187;][\/vc_column][\/vc_row][vc_row css=&#187;.vc_custom_1464534749550{margin-top: 30px !important;padding-top: 0px !important;padding-right: 0px !important;padding-bottom: 0px !important;padding-left: 0px !important;}&#187;][vc_column width=&#187;1\/4&#8243;][mk_custom_sidebar sidebar=&#187;sidebar-25&#8243;][\/vc_column][vc_column width=&#187;3\/4&#8243; el_class=&#187;ow-vc_column_container&#187; offset=&#187;vc_col-lg-6 vc_col-md-6&#8243;][vc_column_text disable_pattern=&#187;false&#187; el_class=&#187;ow-page-title-block&#187;]\n<h1>\u0423\u0445\u043e\u0434<\/h1>\n[\/vc_column_text][vc_column_text]OneWood aedadel on \u00fclimadalad hoolduskulud, aed ei vaja samalaadsethooldust kui tavap\u00e4rane puitaed. Aiaga ei kaasne kulukat ja aega n\u00f5udvat v\u00e4rvimist, \u00f5litamist ega muulviisil katmist. V\u00e4liaia ilu tagamiseks piisab vaid perioodilisest p\u00fchkimisest ja pesemisest. Puhastamiseks piisab \u00fcldjuhul survepesurist, seebiveest ja pesuk\u00e4snast.<\/p>\n<p>T\u00e4pse hooldusjuhendiga tutvu siit:[\/vc_column_text][vc_raw_html]JTNDYSUyMGhyZWYlM0QlMjJodHRwJTNBJTJGJTJGb25ld29vZC5lZSUyRndwLWNvbnRlbnQlMkZ1cGxvYWRzJTJGMjAxNiUyRjExJTJGb25ld29vZF9haWFkX2hvb2xkdXMucGRmJTIyJTIwdGFyZ2V0JTNEJTIyX0JMQU5DJTIyJTNFJTNDaSUyMGNsYXNzJTNEJTIyb3ctaWNvbi1wZGYlMjIlM0UlM0MlMkZpJTNFJTNDJTJGYSUzRQ==[\/vc_raw_html][\/vc_column][vc_column width=&#187;3\/4&#8243; offset=&#187;vc_col-lg-offset-0 vc_col-lg-3 vc_col-md-offset-0 vc_col-md-3 vc_col-sm-offset-3&#8243;][mk_image src=&#187;https:\/\/media.onewood.ee\/uploads\/2016\/05\/hooldus01-1.jpg&#187; image_size=&#187;large&#187; lightbox=&#187;true&#187; group=&#187;sidebar&#187; el_class=&#187;ow-sidebar&#187;][\/vc_column][\/vc_row][vc_row el_class=&#187;ow-buttons-row&#187; css=&#187;.vc_custom_1467991153268{margin-bottom: 55px !important;}&#187;][vc_column width=&#187;1\/4&#8243;][vc_empty_space height=&#187;50px&#187;][mk_button dimension=&#187;outline&#187; corner_style=&#187;rounded&#187; size=&#187;xx-large&#187; url=&#187;https:\/\/onewood.ee\/ru\/fasadq\/paigaldus\/&#187; align=&#187;center&#187; fullwidth=&#187;true&#187; el_class=&#187;installation-btn&#187;]\u0423\u0421\u0422\u0410\u041d\u041e\u0412\u041a\u0410[\/mk_button][\/vc_column][vc_column width=&#187;1\/4&#8243;][vc_empty_space height=&#187;50px&#187;][mk_button dimension=&#187;outline&#187; corner_style=&#187;rounded&#187; size=&#187;xx-large&#187; url=&#187;https:\/\/onewood.ee\/ru\/fasadq\/hooldus\/&#187; align=&#187;center&#187; fullwidth=&#187;true&#187; el_class=&#187;care-btn&#187;]\u0423\u0425\u041e\u0414[\/mk_button][\/vc_column][vc_column width=&#187;1\/4&#8243;][vc_empty_space height=&#187;50px&#187;][mk_button dimension=&#187;outline&#187; corner_style=&#187;rounded&#187; size=&#187;xx-large&#187; url=&#187;https:\/\/onewood.ee\/ru\/fasadq\/garantii\/&#187; align=&#187;right&#187; fullwidth=&#187;true&#187; el_class=&#187;onlineshop-btn&#187;]\u0413\u0410\u0420\u0410\u041d\u0422\u0418\u042f[\/mk_button][\/vc_column][vc_column width=&#187;1\/4&#8243;][vc_empty_space height=&#187;50px&#187;][mk_button dimension=&#187;outline&#187; corner_style=&#187;rounded&#187; size=&#187;xx-large&#187; url=&#187;https:\/\/onewood.ee\/ru\/tehnicheskie-svojstva\/&#187; fullwidth=&#187;true&#187; el_class=&#187;accessories-btn&#187;]\u0422\u0415\u0425\u041d\u0418\u0427\u0415\u0421\u041a\u0418\u0415 \u0421\u0412\u041e\u0419\u0421\u0422\u0412\u0410[\/mk_button][\/vc_column][\/vc_row]\n<\/div>","protected":false},"excerpt":{"rendered":"<p>[vc_row css=&#187;.vc_custom_1464115210028{padding-top: 0px !important;padding-right: 0px !important;padding-bottom: 0px !important;padding-left: 0px !important;}&#187;][vc_column][rev_slider alias=&#187;fassaadid-rus&#187;][\/vc_column][\/vc_row][vc_row css=&#187;.vc_custom_1464534749550{margin-top: 30px !important;padding-top: 0px !important;padding-right: 0px !important;padding-bottom: 0px !important;padding-left: 0px !important;}&#187;][vc_column width=&#187;1\/4&#8243;][mk_custom_sidebar sidebar=&#187;sidebar-25&#8243;][\/vc_column][vc_column width=&#187;3\/4&#8243; el_class=&#187;ow-vc_column_container&#187; offset=&#187;vc_col-lg-6 vc_col-md-6&#8243;][vc_column_text disable_pattern=&#187;false&#187; el_class=&#187;ow-page-title-block&#187;] \u0423\u0445\u043e\u0434 [\/vc_column_text][vc_column_text]OneWood aedadel on \u00fclimadalad hoolduskulud, aed ei vaja samalaadsethooldust kui tavap\u00e4rane puitaed. Aiaga ei kaasne kulukat ja aega n\u00f5udvat v\u00e4rvimist, \u00f5litamist ega muulviisil katmist. [&hellip;]<\/p>\n","protected":false},"author":1,"featured_media":0,"parent":13891,"menu_order":0,"comment_status":"closed","ping_status":"closed","template":"","meta":{"_acf_changed":false,"footnotes":""},"class_list":["post-13920","page","type-page","status-publish","hentry"],"acf":[],"_links":{"self":[{"href":"https:\/\/onewood.ee\/ru\/wp-json\/wp\/v2\/pages\/13920","targetHints":{"allow":["GET"]}}],"collection":[{"href":"https:\/\/onewood.ee\/ru\/wp-json\/wp\/v2\/pages"}],"about":[{"href":"https:\/\/onewood.ee\/ru\/wp-json\/wp\/v2\/types\/page"}],"author":[{"embeddable":true,"href":"https:\/\/onewood.ee\/ru\/wp-json\/wp\/v2\/users\/1"}],"replies":[{"embeddable":true,"href":"https:\/\/onewood.ee\/ru\/wp-json\/wp\/v2\/comments?post=13920"}],"version-history":[{"count":6,"href":"https:\/\/onewood.ee\/ru\/wp-json\/wp\/v2\/pages\/13920\/revisions"}],"predecessor-version":[{"id":15485,"href":"https:\/\/onewood.ee\/ru\/wp-json\/wp\/v2\/pages\/13920\/revisions\/15485"}],"up":[{"embeddable":true,"href":"https:\/\/onewood.ee\/ru\/wp-json\/wp\/v2\/pages\/13891"}],"wp:attachment":[{"href":"https:\/\/onewood.ee\/ru\/wp-json\/wp\/v2\/media?parent=13920"}],"curies":[{"name":"wp","href":"https:\/\/api.w.org\/{rel}","templated":true}]}}