{"id":13913,"date":"2018-03-15T12:14:12","date_gmt":"2018-03-15T10:14:12","guid":{"rendered":"https:\/\/onewood.ee\/?page_id=13913"},"modified":"2018-03-29T10:52:25","modified_gmt":"2018-03-29T08:52:25","slug":"gatantii","status":"publish","type":"page","link":"https:\/\/onewood.ee\/ru\/fasadq-2-old\/gatantii\/","title":{"rendered":"\u0413\u0430\u0440\u0430\u043d\u0442\u0438\u044f"},"content":{"rendered":"<div class=\"wpb-content-wrapper\">[vc_row css=&#187;.vc_custom_1464115210028{padding-top: 0px !important;padding-right: 0px !important;padding-bottom: 0px !important;padding-left: 0px !important;}&#187;][vc_column][rev_slider alias=&#187;fassaadid-rus&#187;][\/vc_column][\/vc_row][vc_row css=&#187;.vc_custom_1464534749550{margin-top: 30px !important;padding-top: 0px !important;padding-right: 0px !important;padding-bottom: 0px !important;padding-left: 0px !important;}&#187;][vc_column width=&#187;1\/4&#8243;][mk_custom_sidebar sidebar=&#187;sidebar-25&#8243;][\/vc_column][vc_column width=&#187;3\/4&#8243; el_class=&#187;ow-vc_column_container&#187; offset=&#187;vc_col-lg-6 vc_col-md-6&#8243;][vc_column_text el_class=&#187;ow-page-title-block&#187;]\n<h1>\u0413\u0430\u0440\u0430\u043d\u0442\u0438\u044f<\/h1>\n[\/vc_column_text][vc_column_text margin_bottom=&#187;35&#8243; el_class=&#187;ow-text-block&#187;]Garantiitingimused tulenevad Eesti Vabariigi \u00f5igusaktidest ning garantii andmisel l\u00e4htutakse esmaj\u00e4rjekorras tootja poolt antud garantiidest tingimusel, et need ei ole vastuolus Eesti Vabariigi seadustega. Garantii h\u00f5lmab garantiiajal tootel ilmnevate valmistamis- v\u00f5i toorainepuudusi.<\/p>\n<ol>\n<li>\u00dcldised garantiitingimused<br \/>\n1.1. Garantii kehtib toote sihip\u00e4rasel kasutamisel 2 aastat ehk 24 kuud.<br \/>\n1.2. Garantiiaja alguseks loetakse toote \u00fcleandmise p\u00e4eva.<\/li>\n<li>Garantii kehtivuse tingimusteks on kehtivad m\u00e4\u00e4rused ja paigaldus- ning kasutusjuhendid, millest tuleb toote paigaldamisel, kasutamisel ja hooldamisel l\u00e4htuda. Garantii kehtib juhul, kui toodet on regulaarselt hooldatud ja kasutatud sihtotstarbeliselt.<\/li>\n<li>Garantii ei sisalda<br \/>\n3.1. Toote paigaldamise, hooldamise ja kasutamise \u00f5petamist.<br \/>\n3.2. Transpordikahjustustest ja muudest mehaanilistest kahjustustest (vandalism, \u00e4ike, tulekahju jne) tekkinud vigade parandamist.<\/li>\n<\/ol>\n<p>Garantii korras ei kuulu korvamisele puudused, mis on tekkinud ebapiisava hoolduse, valesti tehtud paigalduse ja remondi v\u00f5i tavap\u00e4rase kulumise tagaj\u00e4rjel.[\/vc_column_text][mk_icon_box2 icon_type=&#187;image&#187; icon_size=&#187;inherit&#187; icon_image=&#187;https:\/\/media.onewood.ee\/uploads\/2016\/05\/icon05.png&#187; title=&#187;Toodetud Eestis<br \/>\np\u00f5hjamaise kliima jaoks&#187; title_size=&#187;19&#8243; title_weight=&#187;bolder&#187; align=&#187;left&#187;][\/mk_icon_box2][\/vc_column][vc_column width=&#187;3\/4&#8243; offset=&#187;vc_col-lg-offset-0 vc_col-lg-3 vc_col-md-offset-0 vc_col-md-3 vc_col-sm-offset-3&#8243;][\/vc_column][\/vc_row][vc_row el_class=&#187;ow-buttons-row&#187; css=&#187;.vc_custom_1467991153268{margin-bottom: 55px !important;}&#187;][vc_column width=&#187;1\/4&#8243;][vc_empty_space height=&#187;50px&#187;][mk_button dimension=&#187;outline&#187; corner_style=&#187;rounded&#187; size=&#187;xx-large&#187; url=&#187;https:\/\/onewood.ee\/ru\/fasadq\/paigaldus\/&#187; align=&#187;center&#187; fullwidth=&#187;true&#187; el_class=&#187;installation-btn&#187;]\u0423\u0421\u0422\u0410\u041d\u041e\u0412\u041a\u0410[\/mk_button][\/vc_column][vc_column width=&#187;1\/4&#8243;][vc_empty_space height=&#187;50px&#187;][mk_button dimension=&#187;outline&#187; corner_style=&#187;rounded&#187; size=&#187;xx-large&#187; url=&#187;https:\/\/onewood.ee\/ru\/fasadq\/hooldus\/&#187; align=&#187;center&#187; fullwidth=&#187;true&#187; el_class=&#187;care-btn&#187;]\u0423\u0425\u041e\u0414[\/mk_button][\/vc_column][vc_column width=&#187;1\/4&#8243;][vc_empty_space height=&#187;50px&#187;][mk_button dimension=&#187;outline&#187; corner_style=&#187;rounded&#187; size=&#187;xx-large&#187; url=&#187;https:\/\/onewood.ee\/ru\/fasadq\/garantii\/&#187; align=&#187;right&#187; fullwidth=&#187;true&#187; el_class=&#187;onlineshop-btn&#187;]\u0413\u0410\u0420\u0410\u041d\u0422\u0418\u042f[\/mk_button][\/vc_column][vc_column width=&#187;1\/4&#8243;][vc_empty_space height=&#187;50px&#187;][mk_button dimension=&#187;outline&#187; corner_style=&#187;rounded&#187; size=&#187;xx-large&#187; url=&#187;https:\/\/onewood.ee\/ru\/tehnicheskie-svojstva\/&#187; fullwidth=&#187;true&#187; el_class=&#187;accessories-btn&#187;]\u0422\u0415\u0425\u041d\u0418\u0427\u0415\u0421\u041a\u0418\u0415 \u0421\u0412\u041e\u0419\u0421\u0422\u0412\u0410[\/mk_button][\/vc_column][\/vc_row]\n<\/div>","protected":false},"excerpt":{"rendered":"<p>[vc_row css=&#187;.vc_custom_1464115210028{padding-top: 0px !important;padding-right: 0px !important;padding-bottom: 0px !important;padding-left: 0px !important;}&#187;][vc_column][rev_slider alias=&#187;fassaadid-rus&#187;][\/vc_column][\/vc_row][vc_row css=&#187;.vc_custom_1464534749550{margin-top: 30px !important;padding-top: 0px !important;padding-right: 0px !important;padding-bottom: 0px !important;padding-left: 0px !important;}&#187;][vc_column width=&#187;1\/4&#8243;][mk_custom_sidebar sidebar=&#187;sidebar-25&#8243;][\/vc_column][vc_column width=&#187;3\/4&#8243; el_class=&#187;ow-vc_column_container&#187; offset=&#187;vc_col-lg-6 vc_col-md-6&#8243;][vc_column_text el_class=&#187;ow-page-title-block&#187;] \u0413\u0430\u0440\u0430\u043d\u0442\u0438\u044f [\/vc_column_text][vc_column_text margin_bottom=&#187;35&#8243; el_class=&#187;ow-text-block&#187;]Garantiitingimused tulenevad Eesti Vabariigi \u00f5igusaktidest ning garantii andmisel l\u00e4htutakse esmaj\u00e4rjekorras tootja poolt antud garantiidest tingimusel, et need ei ole vastuolus Eesti Vabariigi seadustega. [&hellip;]<\/p>\n","protected":false},"author":1,"featured_media":0,"parent":13891,"menu_order":0,"comment_status":"closed","ping_status":"closed","template":"","meta":{"_acf_changed":false,"footnotes":""},"class_list":["post-13913","page","type-page","status-publish","hentry"],"acf":[],"_links":{"self":[{"href":"https:\/\/onewood.ee\/ru\/wp-json\/wp\/v2\/pages\/13913","targetHints":{"allow":["GET"]}}],"collection":[{"href":"https:\/\/onewood.ee\/ru\/wp-json\/wp\/v2\/pages"}],"about":[{"href":"https:\/\/onewood.ee\/ru\/wp-json\/wp\/v2\/types\/page"}],"author":[{"embeddable":true,"href":"https:\/\/onewood.ee\/ru\/wp-json\/wp\/v2\/users\/1"}],"replies":[{"embeddable":true,"href":"https:\/\/onewood.ee\/ru\/wp-json\/wp\/v2\/comments?post=13913"}],"version-history":[{"count":7,"href":"https:\/\/onewood.ee\/ru\/wp-json\/wp\/v2\/pages\/13913\/revisions"}],"predecessor-version":[{"id":15486,"href":"https:\/\/onewood.ee\/ru\/wp-json\/wp\/v2\/pages\/13913\/revisions\/15486"}],"up":[{"embeddable":true,"href":"https:\/\/onewood.ee\/ru\/wp-json\/wp\/v2\/pages\/13891"}],"wp:attachment":[{"href":"https:\/\/onewood.ee\/ru\/wp-json\/wp\/v2\/media?parent=13913"}],"curies":[{"name":"wp","href":"https:\/\/api.w.org\/{rel}","templated":true}]}}