{"id":12321,"date":"2016-05-25T11:54:50","date_gmt":"2016-05-25T09:54:50","guid":{"rendered":"https:\/\/onewood.ee\/ru\/?page_id=12321"},"modified":"2025-08-25T15:13:19","modified_gmt":"2025-08-25T13:13:19","slug":"kontakti-old","status":"publish","type":"page","link":"https:\/\/onewood.ee\/ru\/kontakti-old\/","title":{"rendered":"\u041a\u043e\u043d\u0442\u0430\u043a\u0442\u044b-old"},"content":{"rendered":"<div class=\"wpb-content-wrapper\">[vc_row css=&#187;.vc_custom_1464644105730{margin-bottom: 30px !important;padding-top: 0px !important;padding-right: 0px !important;padding-bottom: 0px !important;padding-left: 0px !important;}&#187;][vc_column][mk_advanced_gmaps custom_markers=&#187;true&#187; latitude=&#187;59.35793454217488&#8243; longitude=&#187;24.928992606125572&#8243; address=&#187;Onewood O\u00dc &#8212; Aruk\u00fcla tee 65 J\u00fcri, Eesti&#187; custom_marker_1=&#187;https:\/\/media.onewood.ee\/uploads\/2016\/05\/map_icon.png&#187; pin_icon=&#187;https:\/\/media.onewood.ee\/uploads\/2016\/05\/map_icon.png&#187; content_font_color=&#187;#ffffff&#187; height=&#187;250&#8243; map_zoom=&#187;17&#8243; pan_control=&#187;false&#187; draggable=&#187;false&#187; map_type_control=&#187;false&#187; scale_control=&#187;false&#187;][\/vc_column][\/vc_row][vc_row equal_columns=&#187;true&#187;][vc_column visibility=&#187;hidden-tl&#187; width=&#187;1\/4&#8243;][mk_custom_sidebar sidebar=&#187;sidebar-20&#8243;][\/vc_column][vc_column offset=&#187;vc_col-lg-9 vc_col-md-9&#8243;][vc_column_text disable_pattern=&#187;false&#187; el_class=&#187;ow-page-title-block&#187;]\n<h1>\u041a\u043e\u043d\u0442\u0430\u043a\u0442\u044b<\/h1>\n[\/vc_column_text][vc_row_inner attached=&#187;true&#187; is_fullwidth_content=&#187;false&#187; css=&#187;.vc_custom_1467991406696{margin-bottom: 30px !important;}&#187;][vc_column_inner width=&#187;1\/3&#8243;][vc_column_text css=&#187;.vc_custom_1678439357174{margin-bottom: 0px !important;}&#187;]<strong>\u041e\u0424\u0418\u0421 \u041f\u0420\u041e\u0414\u0410\u0416<\/strong><br \/>\nAruk\u00fcla tee 65<br \/>\n<a href=\"tel:37255515116\">+372 5551 5116<\/a><br \/>\n75301 J\u00fcri, Eesti<br \/>\n\u041f\u043d-\u041f\u0442\u00a0 9:00-16:30[\/vc_column_text][\/vc_column_inner][vc_column_inner width=&#187;1\/3&#8243;][vc_column_text]<strong>OneWood O\u00dc<\/strong><br \/>\nReg nr 12887936<br \/>\nKMKR nr EE101832054<br \/>\nAruk\u00fcla tee 65<br \/>\n75301 J\u00fcri, Eesti[\/vc_column_text][\/vc_column_inner][vc_column_inner width=&#187;1\/3&#8243;][vc_column_text]<strong>Pank<\/strong>: SEB<br \/>\nIBAN: EE961010220245139221<br \/>\nBIC: EEUHEE2X<br \/>\nSEB, Tornim\u00e4e 2,<br \/>\n15010 Tallinn, Eesti[\/vc_column_text][\/vc_column_inner][\/vc_row_inner][vc_row_inner attached=&#187;true&#187; is_fullwidth_content=&#187;false&#187; css=&#187;.vc_custom_1467991406696{margin-bottom: 30px !important;}&#187;][vc_column_inner width=&#187;1\/3&#8243;][vc_column_text]\n<h6>\u041f\u0440\u043e\u0434\u0430\u0436\u044b<\/h6>\n[\/vc_column_text][vc_single_image image=&#187;9669&#8243; img_size=&#187;medium&#187;][vc_column_text css=&#187;.vc_custom_1620117608800{margin-bottom: 0px !important;}&#187;]\n<h6>Olari Kontram<\/h6>\n<p>\u0423\u043f\u0440\u0430\u0432\u043b\u044f\u044e\u0449\u0438\u0439 \u0434\u0438\u0440\u0435\u043a\u0442\u043e\u0440<br \/>\n<a href=\"tel:37253026202\">+372 530 26 202<\/a><br \/>\n<a href=\"mailto:olari.kontram@onewood.ee\">olari.kontram@onewood.ee<\/a><br \/>\n<img decoding=\"async\" class=\"ow-contact-language-flag\" src=\"https:\/\/onewood.ee\/wp-content\/plugins\/sitepress-multilingual-cms\/res\/flags\/et.png\" alt=\"EST\" \/><img decoding=\"async\" class=\"ow-contact-language-flag\" src=\"https:\/\/onewood.ee\/wp-content\/plugins\/sitepress-multilingual-cms\/res\/flags\/en.png\" alt=\"ENG\" \/><img decoding=\"async\" class=\"ow-contact-language-flag\" src=\"https:\/\/onewood.ee\/wp-content\/plugins\/sitepress-multilingual-cms\/res\/flags\/fi.png\" alt=\"FIN\" \/>[\/vc_column_text][\/vc_column_inner][vc_column_inner width=&#187;1\/3&#8243;][vc_column_text]\n<h6>\u041f\u0440\u043e\u0434\u0430\u0436\u044b<\/h6>\n[\/vc_column_text][vc_single_image image=&#187;15408&#8243; img_size=&#187;medium&#187;][vc_column_text css=&#187;.vc_custom_1744012794795{margin-bottom: 0px !important;}&#187;]\n<h6>Kristina Tops<\/h6>\n<p>\u041c\u0435\u043d\u0435\u0434\u0436\u0435\u0440 \u043f\u043e \u043f\u0440\u043e\u0434\u0430\u0436\u0430\u043c<br \/>\n<a href=\"tel:37253026202\">+372 555 15 116<\/a><br \/>\n<a href=\"mailto:kristina.tops@onewood.ee\">kristina.tops@onewood.ee<\/a><br \/>\n<img decoding=\"async\" class=\"ow-contact-language-flag\" src=\"https:\/\/onewood.ee\/wp-content\/plugins\/sitepress-multilingual-cms\/res\/flags\/et.png\" alt=\"EST\" \/><img decoding=\"async\" class=\"ow-contact-language-flag\" src=\"https:\/\/onewood.ee\/wp-content\/plugins\/sitepress-multilingual-cms\/res\/flags\/ru.png\" alt=\"RUS\" \/><img decoding=\"async\" class=\"ow-contact-language-flag\" src=\"https:\/\/onewood.ee\/wp-content\/plugins\/sitepress-multilingual-cms\/res\/flags\/en.png\" alt=\"ENG\" \/>[\/vc_column_text][\/vc_column_inner][vc_column_inner width=&#187;1\/3&#8243;][vc_column_text]\n<h6>\u041f\u0440\u043e\u0434\u0430\u0436\u044b<\/h6>\n[\/vc_column_text][vc_single_image image=&#187;26119&#8243; img_size=&#187;medium&#187;][vc_column_text css=&#187;.vc_custom_1744012822019{margin-bottom: 0px !important;}&#187;]\n<h6>Lauri Vill<\/h6>\n<p>\u0420\u0443\u043a\u043e\u0432\u043e\u0434\u0438\u0442\u0435\u043b\u044c \u043f\u043e \u043f\u0440\u043e\u0434\u0430\u0436\u0430\u043c<br \/>\n<a href=\"tel:37255613455\">+372 556 13 455<\/a><br \/>\n<a href=\"mailto:lauri.vill@onewood.ee\">lauri.vill@onewood.ee<\/a><br \/>\n<img decoding=\"async\" class=\"ow-contact-language-flag\" src=\"https:\/\/onewood.ee\/wp-content\/plugins\/sitepress-multilingual-cms\/res\/flags\/et.png\" alt=\"EST\" \/><img decoding=\"async\" class=\"ow-contact-language-flag\" src=\"https:\/\/onewood.ee\/wp-content\/plugins\/sitepress-multilingual-cms\/res\/flags\/en.png\" alt=\"ENG\" \/>[\/vc_column_text][vc_text_separator][\/vc_column_inner][\/vc_row_inner][vc_row_inner attached=&#187;true&#187; is_fullwidth_content=&#187;false&#187; css=&#187;.vc_custom_1467991406696{margin-bottom: 30px !important;}&#187;][vc_column_inner width=&#187;1\/3&#8243;][vc_column_text css=&#187;.vc_custom_1725274573050{margin-bottom: 0px !important;}&#187;]\n<h6>\u041f\u0440\u043e\u0438\u0437\u0432\u043e\u0434\u0441\u0442\u0432\u043e<\/h6>\n[\/vc_column_text][vc_single_image image=&#187;25617&#8243; img_size=&#187;medium&#187;][vc_column_text css=&#187;.vc_custom_1725274758024{margin-bottom: 0px !important;}&#187;]\n<h6>Rait Mosona<\/h6>\n<p>\u041c\u0435\u043d\u0435\u0434\u0436\u0435\u0440 \u043f\u043e \u043f\u0440\u043e\u0438\u0437\u0432\u043e\u0434\u0441\u0442\u0432\u0443<br \/>\n<a href=\"tel:37253881802\">+372 <\/a><a href=\"tel:37253881802\">562 81 661<\/a><br \/>\n<a href=\"mailto:rait.mosona@onewood.ee\">rait.mosona@onewood.ee<\/a><br \/>\n<img decoding=\"async\" class=\"ow-contact-language-flag\" src=\"https:\/\/onewood.ee\/wp-content\/plugins\/sitepress-multilingual-cms\/res\/flags\/et.png\" alt=\"EST\" \/><img decoding=\"async\" class=\"ow-contact-language-flag\" src=\"https:\/\/onewood.ee\/wp-content\/plugins\/sitepress-multilingual-cms\/res\/flags\/ru.png\" alt=\"RUS\" \/><img decoding=\"async\" class=\"ow-contact-language-flag\" src=\"https:\/\/onewood.ee\/wp-content\/plugins\/sitepress-multilingual-cms\/res\/flags\/en.png\" alt=\"ENG\" \/>[\/vc_column_text][\/vc_column_inner][vc_column_inner width=&#187;1\/3&#8243;][vc_column_text css=&#187;.vc_custom_1683286860440{margin-bottom: 0px !important;}&#187;]\n<h6>\u041f\u0440\u043e\u0434\u0430\u0436\u044b<\/h6>\n[\/vc_column_text][vc_single_image image=&#187;10776&#8243; img_size=&#187;medium&#187;][vc_column_text css=&#187;.vc_custom_1683035910045{margin-bottom: 0px !important;}&#187;]\n<h6>Margus Aiaots<\/h6>\n<p>\u042d\u043a\u0441\u043f\u043e\u0440\u0442<br \/>\n<a href=\"tel:37253881802\">+372 523 1266<\/a><br \/>\n<a href=\"mailto:margus.aiaots@onewood.ee\">margus.aiaots@onewood.ee<\/a><br \/>\n<img decoding=\"async\" class=\"ow-contact-language-flag\" src=\"https:\/\/onewood.ee\/wp-content\/plugins\/sitepress-multilingual-cms\/res\/flags\/et.png\" alt=\"EST\" \/><img decoding=\"async\" class=\"ow-contact-language-flag\" src=\"https:\/\/onewood.ee\/wp-content\/plugins\/sitepress-multilingual-cms\/res\/flags\/en.png\" alt=\"ENG\" \/><img decoding=\"async\" class=\"ow-contact-language-flag\" src=\"https:\/\/onewood.ee\/wp-content\/plugins\/sitepress-multilingual-cms\/res\/flags\/fi.png\" alt=\"FIN\" \/>[\/vc_column_text][\/vc_column_inner][vc_column_inner width=&#187;1\/3&#8243;][vc_column_text css=&#187;.vc_custom_1683035962277{margin-bottom: 0px !important;}&#187;]\n<h6>\u0422\u0435\u0445\u043d\u0438\u043a\u0430<\/h6>\n[\/vc_column_text][vc_single_image image=&#187;21503&#8243; img_size=&#187;medium&#187;][vc_column_text css=&#187;.vc_custom_1683035656726{margin-bottom: 0px !important;}&#187;]\n<h6>Marek Somelar<\/h6>\n<p>\u0422\u0435\u0445\u043d\u0438\u0447\u0435\u0441\u043a\u0438\u0439 \u043c\u0435\u043d\u0435\u0434\u0436\u0435\u0440<br \/>\n<a href=\"tel:3725289085\">+372 528 9085<\/a><br \/>\n<a href=\"mailto:marek.somelar@onewood.ee\">marek.somelar@onewood.ee<\/a><br \/>\n<img decoding=\"async\" class=\"ow-contact-language-flag\" src=\"https:\/\/onewood.ee\/wp-content\/plugins\/sitepress-multilingual-cms\/res\/flags\/et.png\" alt=\"EST\" \/><img decoding=\"async\" class=\"ow-contact-language-flag\" src=\"https:\/\/onewood.ee\/wp-content\/plugins\/sitepress-multilingual-cms\/res\/flags\/en.png\" alt=\"ENG\" \/><img decoding=\"async\" class=\"ow-contact-language-flag\" src=\"https:\/\/onewood.ee\/wp-content\/plugins\/sitepress-multilingual-cms\/res\/flags\/fi.png\" alt=\"FIN\" \/>[\/vc_column_text][\/vc_column_inner][\/vc_row_inner][vc_row_inner attached=&#187;true&#187; is_fullwidth_content=&#187;false&#187; css=&#187;.vc_custom_1467991406696{margin-bottom: 30px !important;}&#187;][vc_column_inner width=&#187;1\/3&#8243;][vc_column_text css=&#187;.vc_custom_1683036029031{margin-bottom: 0px !important;}&#187;]\n<h6>\u0420\u0430\u0437\u0440\u0430\u0431\u043e\u0442\u043a\u0430<\/h6>\n[\/vc_column_text][vc_single_image image=&#187;10560&#8243; img_size=&#187;medium&#187;][vc_column_text css=&#187;.vc_custom_1620117720093{margin-bottom: 0px !important;}&#187;]\n<h6>Jorma Karolin<\/h6>\n<p>\u041c\u0435\u043d\u0435\u0434\u0436\u0435\u0440 \u043f\u043e \u0440\u0430\u0437\u0432\u0438\u0442\u0438\u044e<br \/>\n<a href=\"tel:3725088839\">+372 508 8839<\/a><br \/>\n<a href=\"mailto:jorma.karolin@onewood.ee\">jorma.karolin@onewood.ee<\/a><br \/>\n<img decoding=\"async\" class=\"ow-contact-language-flag\" src=\"https:\/\/onewood.ee\/wp-content\/plugins\/sitepress-multilingual-cms\/res\/flags\/et.png\" alt=\"EST\" \/><img decoding=\"async\" class=\"ow-contact-language-flag\" src=\"https:\/\/onewood.ee\/wp-content\/plugins\/sitepress-multilingual-cms\/res\/flags\/en.png\" alt=\"ENG\" \/>[\/vc_column_text][\/vc_column_inner][vc_column_inner width=&#187;1\/3&#8243;][\/vc_column_inner][vc_column_inner width=&#187;1\/3&#8243;][\/vc_column_inner][\/vc_row_inner][\/vc_column][\/vc_row]\n<\/div>","protected":false},"excerpt":{"rendered":"<p>[vc_row css=&#187;.vc_custom_1464644105730{margin-bottom: 30px !important;padding-top: 0px !important;padding-right: 0px !important;padding-bottom: 0px !important;padding-left: 0px !important;}&#187;][vc_column][mk_advanced_gmaps custom_markers=&#187;true&#187; latitude=&#187;59.35793454217488&#8243; longitude=&#187;24.928992606125572&#8243; address=&#187;Onewood O\u00dc &#8212; Aruk\u00fcla tee 65 J\u00fcri, Eesti&#187; custom_marker_1=&#187;https:\/\/media.onewood.ee\/uploads\/2016\/05\/map_icon.png&#187; pin_icon=&#187;https:\/\/media.onewood.ee\/uploads\/2016\/05\/map_icon.png&#187; content_font_color=&#187;#ffffff&#187; height=&#187;250&#8243; map_zoom=&#187;17&#8243; pan_control=&#187;false&#187; draggable=&#187;false&#187; map_type_control=&#187;false&#187; scale_control=&#187;false&#187;][\/vc_column][\/vc_row][vc_row equal_columns=&#187;true&#187;][vc_column visibility=&#187;hidden-tl&#187; width=&#187;1\/4&#8243;][mk_custom_sidebar sidebar=&#187;sidebar-20&#8243;][\/vc_column][vc_column offset=&#187;vc_col-lg-9 vc_col-md-9&#8243;][vc_column_text disable_pattern=&#187;false&#187; el_class=&#187;ow-page-title-block&#187;] \u041a\u043e\u043d\u0442\u0430\u043a\u0442\u044b [\/vc_column_text][vc_row_inner attached=&#187;true&#187; is_fullwidth_content=&#187;false&#187; css=&#187;.vc_custom_1467991406696{margin-bottom: 30px !important;}&#187;][vc_column_inner width=&#187;1\/3&#8243;][vc_column_text css=&#187;.vc_custom_1678439357174{margin-bottom: 0px !important;}&#187;]\u041e\u0424\u0418\u0421 \u041f\u0420\u041e\u0414\u0410\u0416 Aruk\u00fcla tee 65 [&hellip;]<\/p>\n","protected":false},"author":1,"featured_media":0,"parent":0,"menu_order":0,"comment_status":"closed","ping_status":"closed","template":"","meta":{"_acf_changed":false,"footnotes":""},"class_list":["post-12321","page","type-page","status-publish","hentry"],"acf":[],"_links":{"self":[{"href":"https:\/\/onewood.ee\/ru\/wp-json\/wp\/v2\/pages\/12321","targetHints":{"allow":["GET"]}}],"collection":[{"href":"https:\/\/onewood.ee\/ru\/wp-json\/wp\/v2\/pages"}],"about":[{"href":"https:\/\/onewood.ee\/ru\/wp-json\/wp\/v2\/types\/page"}],"author":[{"embeddable":true,"href":"https:\/\/onewood.ee\/ru\/wp-json\/wp\/v2\/users\/1"}],"replies":[{"embeddable":true,"href":"https:\/\/onewood.ee\/ru\/wp-json\/wp\/v2\/comments?post=12321"}],"version-history":[{"count":60,"href":"https:\/\/onewood.ee\/ru\/wp-json\/wp\/v2\/pages\/12321\/revisions"}],"predecessor-version":[{"id":27215,"href":"https:\/\/onewood.ee\/ru\/wp-json\/wp\/v2\/pages\/12321\/revisions\/27215"}],"wp:attachment":[{"href":"https:\/\/onewood.ee\/ru\/wp-json\/wp\/v2\/media?parent=12321"}],"curies":[{"name":"wp","href":"https:\/\/api.w.org\/{rel}","templated":true}]}}