{"id":9982,"date":"2016-05-25T11:54:50","date_gmt":"2016-05-25T09:54:50","guid":{"rendered":"https:\/\/onewood.ee\/en\/?page_id=9982"},"modified":"2025-08-25T15:08:31","modified_gmt":"2025-08-25T13:08:31","slug":"contacts-old","status":"publish","type":"page","link":"https:\/\/onewood.ee\/en\/contacts-old\/","title":{"rendered":"Contacts-old"},"content":{"rendered":"<div class=\"wpb-content-wrapper\">[vc_row css=&#8221;.vc_custom_1464644105730{margin-bottom: 30px !important;padding-top: 0px !important;padding-right: 0px !important;padding-bottom: 0px !important;padding-left: 0px !important;}&#8221;][vc_column][mk_advanced_gmaps custom_markers=&#8221;true&#8221; latitude=&#8221;59.35793454217488&#8243; longitude=&#8221;24.928992606125572&#8243; address=&#8221;Onewood O\u00dc &#8211; Aruk\u00fcla tee 65 J\u00fcri, Eesti&#8221; custom_marker_1=&#8221;https:\/\/media.onewood.ee\/uploads\/2016\/05\/map_icon.png&#8221; pin_icon=&#8221;https:\/\/media.onewood.ee\/uploads\/2016\/05\/map_icon.png&#8221; content_font_color=&#8221;#ffffff&#8221; height=&#8221;250&#8243; map_zoom=&#8221;17&#8243; pan_control=&#8221;false&#8221; draggable=&#8221;false&#8221; map_type_control=&#8221;false&#8221; scale_control=&#8221;false&#8221;][\/vc_column][\/vc_row][vc_row][vc_column visibility=&#8221;hidden-tl&#8221; width=&#8221;1\/4&#8243;][mk_custom_sidebar sidebar=&#8221;sidebar-20&#8243;][\/vc_column][vc_column offset=&#8221;vc_col-lg-9 vc_col-md-9&#8243;][vc_column_text disable_pattern=&#8221;false&#8221; el_class=&#8221;ow-page-title-block&#8221;]\n<h1>Contacts<\/h1>\n[\/vc_column_text][vc_row_inner attached=&#8221;true&#8221; is_fullwidth_content=&#8221;false&#8221; css=&#8221;.vc_custom_1467991450182{margin-bottom: 30px !important;}&#8221;][vc_column_inner width=&#8221;1\/3&#8243;][vc_column_text css=&#8221;.vc_custom_1630483092659{margin-bottom: 0px !important;}&#8221;]<strong>SALES OFFICE<\/strong><br \/>\nAruk\u00fcla tee 65<br \/>\n<a href=\"tel:37255515116\">+372 555 15 116<\/a><br \/>\n75301 J\u00fcri, Estonia<br \/>\nMon-Fri 9:00-16:30[\/vc_column_text][\/vc_column_inner][vc_column_inner width=&#8221;1\/3&#8243;][vc_column_text]<strong>OneWood Ltd<\/strong><br \/>\nReg No: 12887936<br \/>\nVAT Reg No: EE101832054<br \/>\nAruk\u00fcla tee 65<br \/>\n75301 J\u00fcri, Estonia[\/vc_column_text][\/vc_column_inner][vc_column_inner width=&#8221;1\/3&#8243;][vc_column_text]<strong>Bank:<\/strong> SEB<br \/>\nIBAN: EE961010220245139221<br \/>\nBIC: EEUHEE2X<br \/>\nSEB, Tornim\u00e4e 2,<br \/>\n15010 Tallinn, Estonia[\/vc_column_text][\/vc_column_inner][\/vc_row_inner][vc_row_inner attached=&#8221;true&#8221; is_fullwidth_content=&#8221;false&#8221; css=&#8221;.vc_custom_1467991406696{margin-bottom: 30px !important;}&#8221;][vc_column_inner width=&#8221;1\/3&#8243;][vc_column_text]\n<h6>Sales<\/h6>\n[\/vc_column_text][vc_single_image image=&#8221;9669&#8243; img_size=&#8221;medium&#8221;][vc_column_text css=&#8221;.vc_custom_1620117418268{margin-bottom: 0px !important;}&#8221;]\n<h6>Olari Kontram<\/h6>\n<p>Managing Director<br \/>\n<a href=\"tel:37253026202\">+372 530 26 202<\/a><br \/>\n<a href=\"mailto:olari.kontram@onewood.ee\">olari.kontram@onewood.ee<\/a><br \/>\n<img decoding=\"async\" class=\"ow-contact-language-flag\" src=\"https:\/\/onewood.ee\/wp-content\/plugins\/sitepress-multilingual-cms\/res\/flags\/et.png\" alt=\"EST\" \/><img decoding=\"async\" class=\"ow-contact-language-flag\" src=\"https:\/\/onewood.ee\/wp-content\/plugins\/sitepress-multilingual-cms\/res\/flags\/en.png\" alt=\"ENG\" \/><img decoding=\"async\" class=\"ow-contact-language-flag\" src=\"https:\/\/onewood.ee\/wp-content\/plugins\/sitepress-multilingual-cms\/res\/flags\/fi.png\" alt=\"FIN\" \/>[\/vc_column_text][\/vc_column_inner][vc_column_inner width=&#8221;1\/3&#8243;][vc_column_text css=&#8221;.vc_custom_1616426520119{margin-bottom: 0px !important;}&#8221;]\n<h6>Sales<\/h6>\n[\/vc_column_text][vc_single_image image=&#8221;15406&#8243; img_size=&#8221;medium&#8221;][vc_column_text css=&#8221;.vc_custom_1744012756737{margin-bottom: 0px !important;}&#8221;]\n<h6>Kristina Tops<\/h6>\n<p>Sales Specialist<br \/>\n<a href=\"tel:37255515116\">+372 555 15 116<\/a><br \/>\n<a href=\"mailto:kristina.tops@onewood.ee\">kristina.tops@onewood.ee<\/a><br \/>\n<img decoding=\"async\" class=\"ow-contact-language-flag\" src=\"https:\/\/onewood.ee\/wp-content\/plugins\/sitepress-multilingual-cms\/res\/flags\/et.png\" alt=\"EST\" \/><img decoding=\"async\" class=\"ow-contact-language-flag\" src=\"https:\/\/onewood.ee\/wp-content\/plugins\/sitepress-multilingual-cms\/res\/flags\/ru.png\" alt=\"RUS\" \/><img decoding=\"async\" class=\"ow-contact-language-flag\" src=\"https:\/\/onewood.ee\/wp-content\/plugins\/sitepress-multilingual-cms\/res\/flags\/en.png\" alt=\"ENG\" \/>[\/vc_column_text][\/vc_column_inner][vc_column_inner width=&#8221;1\/3&#8243;][vc_column_text css=&#8221;.vc_custom_1616426520119{margin-bottom: 0px !important;}&#8221;]\n<h6>Sales<\/h6>\n[\/vc_column_text][vc_single_image image=&#8221;26117&#8243; img_size=&#8221;medium&#8221;][vc_column_text css=&#8221;.vc_custom_1744011367599{margin-bottom: 0px !important;}&#8221;]\n<h6>Lauri Vill<\/h6>\n<p>Sales Manager<br \/>\n<a href=\"tel:37255613455\">+372 556 13 455<\/a><br \/>\n<a href=\"mailto:lauri.vill@onewood.ee\">lauri.vill@onewood.ee<\/a><br \/>\n<img decoding=\"async\" class=\"ow-contact-language-flag\" src=\"https:\/\/onewood.ee\/wp-content\/plugins\/sitepress-multilingual-cms\/res\/flags\/et.png\" alt=\"EST\" \/><img decoding=\"async\" class=\"ow-contact-language-flag\" src=\"https:\/\/onewood.ee\/wp-content\/plugins\/sitepress-multilingual-cms\/res\/flags\/en.png\" alt=\"ENG\" \/>[\/vc_column_text][\/vc_column_inner][\/vc_row_inner][vc_row_inner attached=&#8221;true&#8221; is_fullwidth_content=&#8221;false&#8221; css=&#8221;.vc_custom_1467991406696{margin-bottom: 30px !important;}&#8221;][vc_column_inner width=&#8221;1\/3&#8243;][vc_column_text css=&#8221;.vc_custom_1725274524153{margin-bottom: 0px !important;}&#8221;]\n<h6>Production<\/h6>\n[\/vc_column_text][vc_single_image image=&#8221;25615&#8243; img_size=&#8221;medium&#8221;][vc_column_text css=&#8221;.vc_custom_1725275174256{margin-bottom: 0px !important;}&#8221;]\n<h6>Rait Mosona<\/h6>\n<p>Production Manager<br \/>\n<a href=\"tel:37253881802\">+372 <\/a><a href=\"tel:37253881802\">562 81 661<\/a><br \/>\n<a href=\"mailto:rait.mosona@onewood.ee\">rait.mosona@onewood.ee<\/a><br \/>\n<img decoding=\"async\" class=\"ow-contact-language-flag\" src=\"https:\/\/onewood.ee\/wp-content\/plugins\/sitepress-multilingual-cms\/res\/flags\/et.png\" alt=\"EST\" \/><img decoding=\"async\" class=\"ow-contact-language-flag\" src=\"https:\/\/onewood.ee\/wp-content\/plugins\/sitepress-multilingual-cms\/res\/flags\/en.png\" alt=\"ENG\" \/>[\/vc_column_text][\/vc_column_inner][vc_column_inner width=&#8221;1\/3&#8243;][vc_column_text css=&#8221;.vc_custom_1683287156821{margin-bottom: 0px !important;}&#8221;]\n<h6>Sales<\/h6>\n[\/vc_column_text][vc_single_image image=&#8221;10775&#8243; img_size=&#8221;medium&#8221;][vc_column_text css=&#8221;.vc_custom_1683036510023{margin-bottom: 0px !important;}&#8221;]\n<h6>Margus Aiaots<\/h6>\n<p>Export Manager<br \/>\n<a href=\"tel:3725231266\">+372\u00a0523 1266<\/a><br \/>\n<a href=\"mailto:margus.aiaots@onewood.ee\">margus.aiaots@onewood.ee<\/a><br \/>\n<img decoding=\"async\" class=\"ow-contact-language-flag\" src=\"https:\/\/onewood.ee\/wp-content\/plugins\/sitepress-multilingual-cms\/res\/flags\/et.png\" alt=\"EST\" \/><img decoding=\"async\" class=\"ow-contact-language-flag\" src=\"https:\/\/onewood.ee\/wp-content\/plugins\/sitepress-multilingual-cms\/res\/flags\/en.png\" alt=\"ENG\" \/><img decoding=\"async\" class=\"ow-contact-language-flag\" src=\"https:\/\/onewood.ee\/wp-content\/plugins\/sitepress-multilingual-cms\/res\/flags\/fi.png\" alt=\"FIN\" \/>[\/vc_column_text][\/vc_column_inner][vc_column_inner width=&#8221;1\/3&#8243;][vc_column_text css=&#8221;.vc_custom_1683036559983{margin-bottom: 0px !important;}&#8221;]\n<h6>Technics<\/h6>\n[\/vc_column_text][vc_single_image image=&#8221;21507&#8243; img_size=&#8221;medium&#8221;][vc_column_text css=&#8221;.vc_custom_1683036495578{margin-bottom: 0px !important;}&#8221;]\n<h6>Marek Somelar<\/h6>\n<p>Technical Manager<br \/>\n<a href=\"tel:3725289085\">+372 528 9085<\/a><br \/>\n<a href=\"mailto:marek.somelar@onewood.ee\">marek.somelar@onewood.ee<\/a><br \/>\n<img decoding=\"async\" class=\"ow-contact-language-flag\" src=\"https:\/\/onewood.ee\/wp-content\/plugins\/sitepress-multilingual-cms\/res\/flags\/et.png\" alt=\"EST\" \/><img decoding=\"async\" class=\"ow-contact-language-flag\" src=\"https:\/\/onewood.ee\/wp-content\/plugins\/sitepress-multilingual-cms\/res\/flags\/en.png\" alt=\"ENG\" \/><img decoding=\"async\" class=\"ow-contact-language-flag\" src=\"https:\/\/onewood.ee\/wp-content\/plugins\/sitepress-multilingual-cms\/res\/flags\/fi.png\" alt=\"FIN\" \/>[\/vc_column_text][\/vc_column_inner][\/vc_row_inner][vc_row_inner attached=&#8221;true&#8221; is_fullwidth_content=&#8221;false&#8221; css=&#8221;.vc_custom_1467991406696{margin-bottom: 30px !important;}&#8221;][vc_column_inner width=&#8221;1\/3&#8243;][vc_column_text]\n<h6>Development<\/h6>\n[\/vc_column_text][vc_single_image image=&#8221;10559&#8243; img_size=&#8221;medium&#8221;][vc_column_text css=&#8221;.vc_custom_1620117524254{margin-bottom: 0px !important;}&#8221;]\n<h6>Jorma Karolin<\/h6>\n<p>R&amp;D Manager<br \/>\n<a href=\"tel:3725088839\">+372 508 8839<\/a><br \/>\n<a href=\"mailto:jorma.karolin@onewood.ee\">jorma.karolin@onewood.ee<\/a><br \/>\n<img decoding=\"async\" class=\"ow-contact-language-flag\" src=\"https:\/\/onewood.ee\/wp-content\/plugins\/sitepress-multilingual-cms\/res\/flags\/et.png\" alt=\"EST\" \/><img decoding=\"async\" class=\"ow-contact-language-flag\" src=\"https:\/\/onewood.ee\/wp-content\/plugins\/sitepress-multilingual-cms\/res\/flags\/en.png\" alt=\"ENG\" \/>[\/vc_column_text][\/vc_column_inner][vc_column_inner width=&#8221;1\/3&#8243;][\/vc_column_inner][vc_column_inner width=&#8221;1\/3&#8243;][\/vc_column_inner][\/vc_row_inner][\/vc_column][\/vc_row]\n<\/div>","protected":false},"excerpt":{"rendered":"<p>[vc_row css=&#8221;.vc_custom_1464644105730{margin-bottom: 30px !important;padding-top: 0px !important;padding-right: 0px !important;padding-bottom: 0px !important;padding-left: 0px !important;}&#8221;][vc_column][mk_advanced_gmaps custom_markers=&#8221;true&#8221; latitude=&#8221;59.35793454217488&#8243; longitude=&#8221;24.928992606125572&#8243; address=&#8221;Onewood O\u00dc &#8211; Aruk\u00fcla tee 65 J\u00fcri, Eesti&#8221; custom_marker_1=&#8221;https:\/\/media.onewood.ee\/uploads\/2016\/05\/map_icon.png&#8221; pin_icon=&#8221;https:\/\/media.onewood.ee\/uploads\/2016\/05\/map_icon.png&#8221; content_font_color=&#8221;#ffffff&#8221; height=&#8221;250&#8243; map_zoom=&#8221;17&#8243; pan_control=&#8221;false&#8221; draggable=&#8221;false&#8221; map_type_control=&#8221;false&#8221; scale_control=&#8221;false&#8221;][\/vc_column][\/vc_row][vc_row][vc_column visibility=&#8221;hidden-tl&#8221; width=&#8221;1\/4&#8243;][mk_custom_sidebar sidebar=&#8221;sidebar-20&#8243;][\/vc_column][vc_column offset=&#8221;vc_col-lg-9 vc_col-md-9&#8243;][vc_column_text disable_pattern=&#8221;false&#8221; el_class=&#8221;ow-page-title-block&#8221;] Contacts [\/vc_column_text][vc_row_inner attached=&#8221;true&#8221; is_fullwidth_content=&#8221;false&#8221; css=&#8221;.vc_custom_1467991450182{margin-bottom: 30px !important;}&#8221;][vc_column_inner width=&#8221;1\/3&#8243;][vc_column_text css=&#8221;.vc_custom_1630483092659{margin-bottom: 0px !important;}&#8221;]SALES OFFICE Aruk\u00fcla tee 65 +372 [&hellip;]<\/p>\n","protected":false},"author":1,"featured_media":0,"parent":0,"menu_order":0,"comment_status":"closed","ping_status":"closed","template":"","meta":{"_acf_changed":false,"footnotes":""},"class_list":["post-9982","page","type-page","status-publish","hentry"],"acf":[],"_links":{"self":[{"href":"https:\/\/onewood.ee\/en\/wp-json\/wp\/v2\/pages\/9982","targetHints":{"allow":["GET"]}}],"collection":[{"href":"https:\/\/onewood.ee\/en\/wp-json\/wp\/v2\/pages"}],"about":[{"href":"https:\/\/onewood.ee\/en\/wp-json\/wp\/v2\/types\/page"}],"author":[{"embeddable":true,"href":"https:\/\/onewood.ee\/en\/wp-json\/wp\/v2\/users\/1"}],"replies":[{"embeddable":true,"href":"https:\/\/onewood.ee\/en\/wp-json\/wp\/v2\/comments?post=9982"}],"version-history":[{"count":55,"href":"https:\/\/onewood.ee\/en\/wp-json\/wp\/v2\/pages\/9982\/revisions"}],"predecessor-version":[{"id":27210,"href":"https:\/\/onewood.ee\/en\/wp-json\/wp\/v2\/pages\/9982\/revisions\/27210"}],"wp:attachment":[{"href":"https:\/\/onewood.ee\/en\/wp-json\/wp\/v2\/media?parent=9982"}],"curies":[{"name":"wp","href":"https:\/\/api.w.org\/{rel}","templated":true}]}}