{"id":27179,"date":"2025-07-02T14:51:08","date_gmt":"2025-07-02T12:51:08","guid":{"rendered":"https:\/\/len.ee\/onewood\/edasimuujad\/"},"modified":"2026-02-16T12:18:19","modified_gmt":"2026-02-16T10:18:19","slug":"resellers","status":"publish","type":"page","link":"https:\/\/onewood.ee\/en\/resellers\/","title":{"rendered":"Resellers"},"content":{"rendered":"<div class=\"wpb-content-wrapper\">[vc_row css=&#8221;.vc_custom_1751295992501{margin-right: 0px !important;margin-left: 0px !important;}&#8221;][vc_column css=&#8221;.vc_custom_1751296062846{padding-right: 0px !important;padding-left: 0px !important;}&#8221;]    <div class=\"page-title onewood-page-title\" style=\"background-image: url(https:\/\/media.onewood.ee\/uploads\/\/2025\/07\/edasimujad-banner-scaled.jpg);\">\n        <div class=\"container\">\n            <h1>Resellers<\/h1>\n        <\/div>\n    <\/div>\n[\/vc_column][\/vc_row][vc_row css=&#8221;.vc_custom_1751461964175{margin-right: 0px !important;margin-left: 0px !important;}&#8221;][vc_column css=&#8221;.vc_custom_1751296062846{padding-right: 0px !important;padding-left: 0px !important;}&#8221;]    <div class=\"pages-navigation \">\n        <div class=\"container\">\n            <nav class=\"page-nav\">\n                <ul><li class=\"current\"><a href=\"https:\/\/onewood.ee\/en\/resellers\/\">Resellers<\/a><\/li><li><a href=\"https:\/\/onewood.ee\/en\/resellers\/installers\/\">Installers<\/a><\/li><\/ul>                                    <a class=\"page-nav__banner\" href=\"https:\/\/onewood.ee\/en\/terrace-calculator\/\">\n                        <img decoding=\"async\" src=\"https:\/\/media.onewood.ee\/uploads\/\/2025\/07\/calc-banner.png\" alt=\"\">\n                    <\/a>\n                            <\/nav>\n        <\/div>\n    <\/div>\n[\/vc_column][\/vc_row][vc_row el_class=&#8221;container pb-m-50&#8243; css=&#8221;.vc_custom_1753186282357{margin-right: 0px !important;margin-left: 0px !important;padding-bottom: 140px !important;}&#8221;][vc_column css=&#8221;.vc_custom_1751461989848{padding-right: 0px !important;padding-left: 0px !important;}&#8221;][mk_table title=&#8221;Estonia&#8221; style=&#8221;style2&#8243; el_class=&#8221;download-table v5&#8243;]\n<table width=\"100%\">\n<thead>\n<tr>\n<th>Puumarket AS<\/th>\n<th><\/th>\n<th><\/th>\n<th><\/th>\n<\/tr>\n<\/thead>\n<tbody>\n<tr>\n<td>M\u00e4nniku<\/td>\n<td><a href=\"http:\/\/www.puumarket.ee\/\">www.puumarket.ee<\/a><\/td>\n<td>V\u00e4ike-M\u00e4nniku 11, Tallinn<\/td>\n<td>+372 6791 551<\/td>\n<\/tr>\n<tr>\n<td>Mustam\u00e4e<\/td>\n<td><a href=\"http:\/\/www.puumarket.ee\/\">www.puumarket.ee<\/a><\/td>\n<td>Laki 3a, Tallinn<\/td>\n<td>+372 656 3069<\/td>\n<\/tr>\n<tr>\n<td>Tartu<\/td>\n<td><a href=\"http:\/\/www.puumarket.ee\/\">www.puumarket.ee<\/a><\/td>\n<td>Ringtee 37c, Tartu<\/td>\n<td>+372 733 7940<\/td>\n<\/tr>\n<tr>\n<td>P\u00e4rnu<\/td>\n<td><a href=\"http:\/\/www.puumarket.ee\/\">www.puumarket.ee<\/a><\/td>\n<td>Lina 24, P\u00e4rnu<\/td>\n<td>+372 444 8080<\/td>\n<\/tr>\n<tr>\n<td>Rakvere<\/td>\n<td><a href=\"http:\/\/www.puumarket.ee\/\">www.puumarket.ee<\/a><\/td>\n<td>Ringtee 3, Rakvere<\/td>\n<td>+372 324 4366<\/td>\n<\/tr>\n<tr>\n<td><\/td>\n<td><\/td>\n<td><\/td>\n<td><\/td>\n<\/tr>\n<\/tbody>\n<\/table>\n[\/mk_table][mk_table style=&#8221;style2&#8243; el_class=&#8221;download-table v5&#8243;]\n<table width=\"100%\">\n<thead>\n<tr>\n<th>Decora AS<\/th>\n<th><\/th>\n<th><\/th>\n<th><\/th>\n<\/tr>\n<\/thead>\n<tbody>\n<tr>\n<td>Tallinn<\/td>\n<td><a href=\"http:\/\/www.decora.ee\/\">www.decora.ee<\/a><\/td>\n<td>Laki p\u00f5ik 4<\/td>\n<td>+372 5887 6289<\/td>\n<\/tr>\n<tr>\n<td>Tartu<\/td>\n<td><a href=\"http:\/\/www.decora.ee\/\">www.decora.ee<\/a><\/td>\n<td>Riia 193<\/td>\n<td>+372 5358 8000<\/td>\n<\/tr>\n<tr>\n<td>P\u00e4rnu<\/td>\n<td><a href=\"http:\/\/www.decora.ee\/\">www.decora.ee<\/a><\/td>\n<td>Suur-J\u00f5e 57\/1<\/td>\n<td>+372 5302 5536<\/td>\n<\/tr>\n<tr>\n<td>Viljandi<\/td>\n<td><a href=\"http:\/\/www.decora.ee\/\">www.decora.ee<\/a><\/td>\n<td>Leola 53<\/td>\n<td>+372 5308 0686<\/td>\n<\/tr>\n<tr>\n<td>P\u00f5ltsamaa<\/td>\n<td><a href=\"http:\/\/www.decora.ee\/\">www.decora.ee<\/a><\/td>\n<td>J\u00f5geva mnt 23a<\/td>\n<td>+372 5305 0166<\/td>\n<\/tr>\n<tr>\n<td>V\u00f5ru<\/td>\n<td><a href=\"http:\/\/www.decora.ee\/\">www.decora.ee<\/a><\/td>\n<td>Lepa 2<\/td>\n<td>+372 5300 3618<\/td>\n<\/tr>\n<tr>\n<td>J\u00f5geva<\/td>\n<td><a href=\"http:\/\/www.decora.ee\/\">www.decora.ee<\/a><\/td>\n<td>Puiestee tn 38<\/td>\n<td>+372 505 4566<\/td>\n<\/tr>\n<tr>\n<td><\/td>\n<td><\/td>\n<td><\/td>\n<td><\/td>\n<\/tr>\n<\/tbody>\n<\/table>\n[\/mk_table][mk_table style=&#8221;style2&#8243; el_class=&#8221;download-table v5&#8243;]\n<table width=\"100%\">\n<thead>\n<tr>\n<th>Karl Bilder O\u00dc<\/th>\n<th><\/th>\n<th><\/th>\n<th><\/th>\n<\/tr>\n<\/thead>\n<tbody>\n<tr>\n<td>Tallinn<\/td>\n<td><a href=\"https:\/\/karlbilder.ee\">www.karlbilder.ee<\/a><\/td>\n<td>Kadaka tee 32<\/td>\n<td>+372 650 7440<\/td>\n<\/tr>\n<tr>\n<td>Tallinn<\/td>\n<td><a href=\"https:\/\/karlbilder.ee\">www.karlbilder.ee<\/a><\/td>\n<td>Peterburi tee 52a<\/td>\n<td>+372 606 2220<\/td>\n<\/tr>\n<tr>\n<td>Tartu<\/td>\n<td><a href=\"https:\/\/karlbilder.ee\">www.karlbilder.ee<\/a><\/td>\n<td>Turu 53<\/td>\n<td>+372 730 0230<\/td>\n<\/tr>\n<tr>\n<td>P\u00e4rnu<\/td>\n<td><a href=\"https:\/\/karlbilder.ee\">www.karlbilder.ee<\/a><\/td>\n<td>Arukase 8<\/td>\n<td>+372 442 7800<\/td>\n<\/tr>\n<tr>\n<td><\/td>\n<td><\/td>\n<td><\/td>\n<td><\/td>\n<\/tr>\n<\/tbody>\n<\/table>\n[\/mk_table][mk_table style=&#8221;style2&#8243; el_class=&#8221;download-table v5&#8243;]\n<table width=\"100%\">\n<thead>\n<tr>\n<th>Soosing O\u00dc<\/th>\n<th><\/th>\n<th><\/th>\n<th><\/th>\n<\/tr>\n<\/thead>\n<tbody>\n<tr>\n<td>Tabasalu<\/td>\n<td><a href=\"https:\/\/ehituskaup24.ee\">www.ehituskaup24.ee<\/a><\/td>\n<td>Ranna tee 6<\/td>\n<td>+372 603 2313<\/td>\n<\/tr>\n<tr>\n<td>Viimsi<\/td>\n<td>\u00a0<a href=\"https:\/\/ehituskaup24.ee\">www.ehituskaup24.ee<\/a><\/td>\n<td>Tulbi tee 4<\/td>\n<td>+372 5855 8538<\/td>\n<\/tr>\n<tr>\n<td>Aruk\u00fcla<\/td>\n<td>\u00a0<a href=\"https:\/\/ehituskaup24.ee\">www.ehituskaup24.ee<\/a><\/td>\n<td>Tallinna maantee 8a<\/td>\n<td>+372 607 0255<\/td>\n<\/tr>\n<tr>\n<td>Antsla<\/td>\n<td>\u00a0<a href=\"https:\/\/ehituskaup24.ee\">www.ehituskaup24.ee<\/a><\/td>\n<td>P\u00e4rna 48<\/td>\n<td>+372 5686 8329<\/td>\n<\/tr>\n<tr>\n<td><\/td>\n<td><\/td>\n<td><\/td>\n<td><\/td>\n<\/tr>\n<\/tbody>\n<\/table>\n[\/mk_table][mk_table style=&#8221;style2&#8243; el_class=&#8221;download-table v5&#8243;]\n<table width=\"100%\">\n<thead>\n<tr>\n<th>Espak Viljandi AS<\/th>\n<th><\/th>\n<th><\/th>\n<th><\/th>\n<\/tr>\n<\/thead>\n<tbody>\n<tr>\n<td>Viljandi<\/td>\n<td><a href=\"https:\/\/espak.ee\/\">www.espak.ee<\/a><\/td>\n<td>Reinu tee 35<\/td>\n<td>+372 5034 650<\/td>\n<\/tr>\n<\/tbody>\n<\/table>\n[\/mk_table][mk_table style=&#8221;style2&#8243; el_class=&#8221;download-table v5&#8243;]\n<table width=\"100%\">\n<thead>\n<tr>\n<th><\/th>\n<th><\/th>\n<th><\/th>\n<th><\/th>\n<\/tr>\n<\/thead>\n<tbody>\n<tr>\n<td><strong class=\"th\">Javicar O\u00dc<\/strong><\/td>\n<td><a href=\"http:\/\/www.javicar.ee\/\">www.javicar.ee <\/a><\/td>\n<td>Pikk 62h, Kuressaare<\/td>\n<td>+372 453 6610<\/td>\n<\/tr>\n<\/tbody>\n<\/table>\n[\/mk_table][mk_table style=&#8221;style2&#8243; el_class=&#8221;download-table v5&#8243;]\n<table width=\"100%\">\n<thead>\n<tr>\n<th><\/th>\n<th><\/th>\n<th><\/th>\n<th><\/th>\n<\/tr>\n<\/thead>\n<tbody>\n<tr>\n<td><strong class=\"th\">Ehomer O\u00dc <\/strong><\/td>\n<td><a href=\"http:\/\/www.ehomer.ee\/\">www.ehomer.ee<\/a><\/td>\n<td>Veerme 31, Tallinn<\/td>\n<td>+372 600 7207<\/td>\n<\/tr>\n<\/tbody>\n<\/table>\n[\/mk_table][mk_table style=&#8221;style2&#8243; el_class=&#8221;download-table v5&#8243;]\n<table width=\"100%\">\n<thead>\n<tr>\n<th><\/th>\n<th><\/th>\n<th><\/th>\n<th><\/th>\n<\/tr>\n<\/thead>\n<tbody>\n<tr>\n<td><strong class=\"th\">Vires O\u00dc<\/strong><\/td>\n<td><a href=\"http:\/\/vires.ee\/\">vires.ee<\/a><\/td>\n<td>Laeva 1, Tallinn, 10111, Eesti<\/td>\n<td>+372 553 4908<\/td>\n<\/tr>\n<\/tbody>\n<\/table>\n[\/mk_table][mk_table style=&#8221;style2&#8243; el_class=&#8221;download-table v5&#8243;]\n<table width=\"100%\">\n<thead>\n<tr>\n<th><\/th>\n<th><\/th>\n<th><\/th>\n<th><\/th>\n<\/tr>\n<\/thead>\n<tbody>\n<tr>\n<td><strong class=\"th\">Tvora UAB<\/strong><\/td>\n<td><a href=\"http:\/\/www.aiad.ee\/\">www.aiad.ee<\/a><\/td>\n<td>Kadaka tee 145a, Tallinn<\/td>\n<td>+372 8 801 995<\/td>\n<\/tr>\n<\/tbody>\n<\/table>\n[\/mk_table][mk_table title=&#8221;Latvia&#8221; style=&#8221;style2&#8243; el_class=&#8221;download-table v5 mt-50&#8243;]\n<table width=\"100%\">\n<thead>\n<tr>\n<th><\/th>\n<th><\/th>\n<th><\/th>\n<th><\/th>\n<\/tr>\n<\/thead>\n<tbody>\n<tr>\n<td><strong class=\"th\">Tvora UAB<\/strong><\/td>\n<td><a href=\"http:\/\/www.kompozits.eu\/\">www.kompozits.eu<\/a><\/td>\n<td>Katr\u012bnas dambis 14, Riga<\/td>\n<td>+371 6766 0919<\/td>\n<\/tr>\n<\/tbody>\n<\/table>\n[\/mk_table][mk_table title=&#8221;Lithuania&#8221; style=&#8221;style2&#8243; el_class=&#8221;download-table v5 mt-50&#8243;]\n<table width=\"100%\">\n<thead>\n<tr>\n<th><\/th>\n<th><\/th>\n<th><\/th>\n<th><\/th>\n<\/tr>\n<\/thead>\n<tbody>\n<tr>\n<td><strong class=\"th\">Tvora UAB<\/strong><\/td>\n<td><a href=\"http:\/\/www.kompozits.eu\/\">www.kompozits.eu<\/a><\/td>\n<td>Liepkalnio 110, Vilnius<\/td>\n<td>+370 5259 5645<\/td>\n<\/tr>\n<\/tbody>\n<\/table>\n[\/mk_table][mk_table title=&#8221;Finland&#8221; style=&#8221;style2&#8243; el_class=&#8221;download-table v5 mt-50&#8243;]\n<table width=\"100%\">\n<thead>\n<tr>\n<th><\/th>\n<th><\/th>\n<th><\/th>\n<th><\/th>\n<\/tr>\n<\/thead>\n<tbody>\n<tr>\n<td><strong class=\"th\">Nordic Online Center Oy<\/strong><\/td>\n<td><a href=\"http:\/\/www.lakkapaa.com\/\">www.lakkapaa.com<\/a><\/td>\n<td>Varikonkatu 3, 95420 Tornio, Finland<\/td>\n<td>+358 40 7121 525<\/td>\n<\/tr>\n<\/tbody>\n<\/table>\n[\/mk_table][\/vc_column][\/vc_row][vc_row css=&#8221;.vc_custom_1751364741901{margin-right: 0px !important;margin-left: 0px !important;}&#8221;][vc_column css=&#8221;.vc_custom_1751364753213{padding-right: 0px !important;padding-left: 0px !important;}&#8221;]    <div class=\"contact-block\">\n        <div class=\"container\">\n                            <h4 class=\"section-title\">Questions? Get in touch!<\/h4>\n                        <div class=\"contact-block__wrap\">\n                <div class=\"contact-block__image\">\n                                            <img decoding=\"async\" src=\"https:\/\/media.onewood.ee\/uploads\/\/2025\/07\/contact.png\" alt=\"\">\n                                    <\/div>\n                <div class=\"contact-block__info\">\n                                            <div class=\"contact-block__text\">If you have any questions, suggestions, or would like to collaborate with us, feel free to write or call. We will reply as soon as possible and will be happy to help.<\/div>\n                                        <div class=\"contact-block__links\">\n                        <div class=\"item\">\n                                <svg xmlns=\"http:\/\/www.w3.org\/2000\/svg\" viewBox=\"0 0 55.74 55.74\">\n                                    <defs>\n                                        <style>\n                                            .iconphone-1 {\n                                                stroke-linecap: square;\n                                                stroke-linejoin: round;\n                                            }\n\n                                            .iconphone-1,\n                                            .iconphone-2 {\n                                                fill: none;\n                                                stroke: #fff;\n                                                stroke-width: 3px;\n                                            }\n\n                                            .iconphone-2 {\n                                                stroke-miterlimit: 10;\n                                            }\n                                        <\/style>\n                                    <\/defs>\n                                    <g>\n                                        <g>\n                                            <path class=\"iconphone-1\" d=\"M43.37,36.27s-1.67-1.52-4.02-.23l-5.77,3.19s-5.74-4.55-8.95-8.03h0s-.03-.03-.05-.05c-.01-.01-.03-.03-.04-.05h0c-3.48-3.2-8.03-8.94-8.03-8.94l3.19-5.77c1.29-2.35-.23-4.02-.23-4.02L13.09,2.81c-1.14-1.59-2.5-1.29-2.5-1.29-1.75.08-6.91,4.93-6.91,4.93-2.73,2.43-2.12,4.55-2.12,4.55,1.84,13,15.51,25.53,16.55,26.62,1.41,1.31,13.62,14.72,26.62,16.55,0,0,2.13.61,4.55-2.12,0,0,4.86-5.16,4.93-6.91,0,0,.3-1.37-1.29-2.5l-9.56-6.38Z\" \/>\n                                            <g>\n                                                <path class=\"iconphone-2\" d=\"M30.64,11.46c3.2.08,6.38,1.34,8.84,3.77,2.48,2.45,3.77,5.65,3.86,8.88\" \/>\n                                                <path class=\"iconphone-2\" d=\"M30.9,4.22c4.96.15,9.87,2.1,13.67,5.86,3.8,3.76,5.8,8.65,6,13.6\" \/>\n                                            <\/g>\n                                        <\/g>\n                                    <\/g>\n                                <\/svg><span>Tel +372 5551 5116<\/span>\n                                        <\/div>\n                                                                                <a href=\"mailto:kristina.tops@onewood.ee\">\n                                <svg xmlns=\"http:\/\/www.w3.org\/2000\/svg\" viewBox=\"0 0 57.86 42.84\">\n                                    <defs>\n                                        <style>\n                                            .iconemail-1,\n                                            .iconemail-2 {\n                                                fill: none;\n                                                stroke: #fff;\n                                                stroke-linejoin: round;\n                                                stroke-width: 3px;\n                                            }\n\n                                            .iconemail-2 {\n                                                stroke-linecap: round;\n                                            }\n                                        <\/style>\n                                    <\/defs>\n                                    <g>\n                                        <g>\n                                            <rect class=\"iconemail-1\" x=\"1.5\" y=\"1.5\" width=\"54.86\" height=\"39.84\" rx=\"3\" ry=\"3\" \/>\n                                            <g>\n                                                <line class=\"iconemail-2\" x1=\"15.63\" y1=\"25.02\" x2=\"3.24\" y2=\"39.86\" \/>\n                                                <line class=\"iconemail-2\" x1=\"42.24\" y1=\"25.02\" x2=\"54.63\" y2=\"39.86\" \/>\n                                            <\/g>\n                                            <polyline class=\"iconemail-2\" points=\"2.57 2.58 29.01 22.99 55.24 2.41\" \/>\n                                        <\/g>\n                                    <\/g>\n                                <\/svg><span>kristina.tops@onewood.ee<\/span>\n                            <\/a>\n                                            <\/div>\n                <\/div>\n            <\/div>\n        <\/div>\n    <\/div>\n[\/vc_column][\/vc_row]\n<\/div>","protected":false},"excerpt":{"rendered":"<p>[vc_row css=&#8221;.vc_custom_1751295992501{margin-right: 0px !important;margin-left: 0px !important;}&#8221;][vc_column css=&#8221;.vc_custom_1751296062846{padding-right: 0px !important;padding-left: 0px !important;}&#8221;][\/vc_column][\/vc_row][vc_row css=&#8221;.vc_custom_1751461964175{margin-right: 0px !important;margin-left: 0px !important;}&#8221;][vc_column css=&#8221;.vc_custom_1751296062846{padding-right: 0px !important;padding-left: 0px !important;}&#8221;][\/vc_column][\/vc_row][vc_row el_class=&#8221;container pb-m-50&#8243; css=&#8221;.vc_custom_1753186282357{margin-right: 0px !important;margin-left: 0px !important;padding-bottom: 140px !important;}&#8221;][vc_column css=&#8221;.vc_custom_1751461989848{padding-right: 0px !important;padding-left: 0px !important;}&#8221;][mk_table title=&#8221;Estonia&#8221; style=&#8221;style2&#8243; el_class=&#8221;download-table v5&#8243;] Puumarket AS M\u00e4nniku www.puumarket.ee V\u00e4ike-M\u00e4nniku 11, Tallinn +372 6791 551 Mustam\u00e4e www.puumarket.ee Laki 3a, Tallinn +372 [&hellip;]<\/p>\n","protected":false},"author":57,"featured_media":0,"parent":0,"menu_order":0,"comment_status":"closed","ping_status":"closed","template":"tpl-simple.php","meta":{"_acf_changed":false,"footnotes":""},"class_list":["post-27179","page","type-page","status-publish","hentry"],"acf":[],"_links":{"self":[{"href":"https:\/\/onewood.ee\/en\/wp-json\/wp\/v2\/pages\/27179","targetHints":{"allow":["GET"]}}],"collection":[{"href":"https:\/\/onewood.ee\/en\/wp-json\/wp\/v2\/pages"}],"about":[{"href":"https:\/\/onewood.ee\/en\/wp-json\/wp\/v2\/types\/page"}],"author":[{"embeddable":true,"href":"https:\/\/onewood.ee\/en\/wp-json\/wp\/v2\/users\/57"}],"replies":[{"embeddable":true,"href":"https:\/\/onewood.ee\/en\/wp-json\/wp\/v2\/comments?post=27179"}],"version-history":[{"count":9,"href":"https:\/\/onewood.ee\/en\/wp-json\/wp\/v2\/pages\/27179\/revisions"}],"predecessor-version":[{"id":28770,"href":"https:\/\/onewood.ee\/en\/wp-json\/wp\/v2\/pages\/27179\/revisions\/28770"}],"wp:attachment":[{"href":"https:\/\/onewood.ee\/en\/wp-json\/wp\/v2\/media?parent=27179"}],"curies":[{"name":"wp","href":"https:\/\/api.w.org\/{rel}","templated":true}]}}