{"id":14232,"date":"2018-03-21T17:55:26","date_gmt":"2018-03-21T15:55:26","guid":{"rendered":"https:\/\/onewood.ee\/?page_id=14232"},"modified":"2018-03-21T23:44:57","modified_gmt":"2018-03-21T21:44:57","slug":"warranty","status":"publish","type":"page","link":"https:\/\/onewood.ee\/en\/facades-2\/warranty\/","title":{"rendered":"Warranty"},"content":{"rendered":"<div class=\"wpb-content-wrapper\">[vc_row css=&#8221;.vc_custom_1464115210028{padding-top: 0px !important;padding-right: 0px !important;padding-bottom: 0px !important;padding-left: 0px !important;}&#8221;][vc_column][rev_slider alias=&#8221;fassaadid-eng&#8221;][\/vc_column][\/vc_row][vc_row css=&#8221;.vc_custom_1464534749550{margin-top: 30px !important;padding-top: 0px !important;padding-right: 0px !important;padding-bottom: 0px !important;padding-left: 0px !important;}&#8221;][vc_column width=&#8221;1\/4&#8243;][mk_custom_sidebar sidebar=&#8221;sidebar-25&#8243;][\/vc_column][vc_column width=&#8221;3\/4&#8243; el_class=&#8221;ow-vc_column_container&#8221; offset=&#8221;vc_col-lg-6 vc_col-md-6&#8243;][vc_column_text el_class=&#8221;ow-page-title-block&#8221;]\n<h1>Warranty<\/h1>\n[\/vc_column_text][vc_column_text margin_bottom=&#8221;35&#8243; el_class=&#8221;ow-text-block&#8221;]Garantiitingimused tulenevad Eesti Vabariigi \u00f5igusaktidest ning garantii andmisel l\u00e4htutakse esmaj\u00e4rjekorras tootja poolt antud garantiidest tingimusel, et need ei ole vastuolus Eesti Vabariigi seadustega. Garantii h\u00f5lmab garantiiajal tootel ilmnevate valmistamis- v\u00f5i toorainepuudusi.<\/p>\n<ol>\n<li>\u00dcldised garantiitingimused<br \/>\n1.1. Garantii kehtib toote sihip\u00e4rasel kasutamisel 2 aastat ehk 24 kuud.<br \/>\n1.2. Garantiiaja alguseks loetakse toote \u00fcleandmise p\u00e4eva.<\/li>\n<li>Garantii kehtivuse tingimusteks on kehtivad m\u00e4\u00e4rused ja paigaldus- ning kasutusjuhendid, millest tuleb toote paigaldamisel, kasutamisel ja hooldamisel l\u00e4htuda. Garantii kehtib juhul, kui toodet on regulaarselt hooldatud ja kasutatud sihtotstarbeliselt.<\/li>\n<li>Garantii ei sisalda<br \/>\n3.1. Toote paigaldamise, hooldamise ja kasutamise \u00f5petamist.<br \/>\n3.2. Transpordikahjustustest ja muudest mehaanilistest kahjustustest (vandalism, \u00e4ike, tulekahju jne) tekkinud vigade parandamist.<\/li>\n<\/ol>\n<p>Garantii korras ei kuulu korvamisele puudused, mis on tekkinud ebapiisava hoolduse, valesti tehtud paigalduse ja remondi v\u00f5i tavap\u00e4rase kulumise tagaj\u00e4rjel.[\/vc_column_text][mk_icon_box2 icon_type=&#8221;image&#8221; icon_size=&#8221;inherit&#8221; icon_image=&#8221;https:\/\/media.onewood.ee\/uploads\/2016\/05\/icon05.png&#8221; title=&#8221;Toodetud Eestis<br \/>\np\u00f5hjamaise kliima jaoks&#8221; title_size=&#8221;19&#8243; title_weight=&#8221;bolder&#8221; align=&#8221;left&#8221;][\/mk_icon_box2][\/vc_column][vc_column width=&#8221;3\/4&#8243; offset=&#8221;vc_col-lg-offset-0 vc_col-lg-3 vc_col-md-offset-0 vc_col-md-3 vc_col-sm-offset-3&#8243;][\/vc_column][\/vc_row][vc_row el_class=&#8221;ow-buttons-row&#8221; css=&#8221;.vc_custom_1467991153268{margin-bottom: 55px !important;}&#8221;][vc_column width=&#8221;1\/4&#8243;][vc_empty_space height=&#8221;50px&#8221;][mk_button dimension=&#8221;outline&#8221; corner_style=&#8221;rounded&#8221; size=&#8221;xx-large&#8221; url=&#8221;https:\/\/onewood.ee\/en\/facades\/installation\/&#8221; align=&#8221;center&#8221; fullwidth=&#8221;true&#8221; el_class=&#8221;installation-btn&#8221;]INSTALLATION[\/mk_button][\/vc_column][vc_column width=&#8221;1\/4&#8243;][vc_empty_space height=&#8221;50px&#8221;][mk_button dimension=&#8221;outline&#8221; corner_style=&#8221;rounded&#8221; size=&#8221;xx-large&#8221; url=&#8221;https:\/\/onewood.ee\/en\/facades\/maintenance\/&#8221; align=&#8221;center&#8221; fullwidth=&#8221;true&#8221; el_class=&#8221;care-btn&#8221;]MAINTENANCE[\/mk_button][\/vc_column][vc_column width=&#8221;1\/4&#8243;][vc_empty_space height=&#8221;50px&#8221;][mk_button dimension=&#8221;outline&#8221; corner_style=&#8221;rounded&#8221; size=&#8221;xx-large&#8221; url=&#8221;https:\/\/onewood.ee\/en\/facades\/warranty\/&#8221; align=&#8221;right&#8221; fullwidth=&#8221;true&#8221; el_class=&#8221;onlineshop-btn&#8221;]WARRANTY[\/mk_button][\/vc_column][vc_column width=&#8221;1\/4&#8243;][vc_empty_space height=&#8221;50px&#8221;][mk_button dimension=&#8221;outline&#8221; corner_style=&#8221;rounded&#8221; size=&#8221;xx-large&#8221; url=&#8221;https:\/\/onewood.ee\/en\/technical-characteristics\/&#8221; fullwidth=&#8221;true&#8221; el_class=&#8221;accessories-btn&#8221;]TECHNICAL CHARACTERISTICS[\/mk_button][\/vc_column][\/vc_row]\n<\/div>","protected":false},"excerpt":{"rendered":"<p>[vc_row css=&#8221;.vc_custom_1464115210028{padding-top: 0px !important;padding-right: 0px !important;padding-bottom: 0px !important;padding-left: 0px !important;}&#8221;][vc_column][rev_slider alias=&#8221;fassaadid-eng&#8221;][\/vc_column][\/vc_row][vc_row css=&#8221;.vc_custom_1464534749550{margin-top: 30px !important;padding-top: 0px !important;padding-right: 0px !important;padding-bottom: 0px !important;padding-left: 0px !important;}&#8221;][vc_column width=&#8221;1\/4&#8243;][mk_custom_sidebar sidebar=&#8221;sidebar-25&#8243;][\/vc_column][vc_column width=&#8221;3\/4&#8243; el_class=&#8221;ow-vc_column_container&#8221; offset=&#8221;vc_col-lg-6 vc_col-md-6&#8243;][vc_column_text el_class=&#8221;ow-page-title-block&#8221;] Warranty [\/vc_column_text][vc_column_text margin_bottom=&#8221;35&#8243; el_class=&#8221;ow-text-block&#8221;]Garantiitingimused tulenevad Eesti Vabariigi \u00f5igusaktidest ning garantii andmisel l\u00e4htutakse esmaj\u00e4rjekorras tootja poolt antud garantiidest tingimusel, et need ei ole vastuolus Eesti Vabariigi seadustega. [&hellip;]<\/p>\n","protected":false},"author":1,"featured_media":0,"parent":14228,"menu_order":0,"comment_status":"closed","ping_status":"closed","template":"","meta":{"_acf_changed":false,"footnotes":""},"class_list":["post-14232","page","type-page","status-publish","hentry"],"acf":[],"_links":{"self":[{"href":"https:\/\/onewood.ee\/en\/wp-json\/wp\/v2\/pages\/14232","targetHints":{"allow":["GET"]}}],"collection":[{"href":"https:\/\/onewood.ee\/en\/wp-json\/wp\/v2\/pages"}],"about":[{"href":"https:\/\/onewood.ee\/en\/wp-json\/wp\/v2\/types\/page"}],"author":[{"embeddable":true,"href":"https:\/\/onewood.ee\/en\/wp-json\/wp\/v2\/users\/1"}],"replies":[{"embeddable":true,"href":"https:\/\/onewood.ee\/en\/wp-json\/wp\/v2\/comments?post=14232"}],"version-history":[{"count":3,"href":"https:\/\/onewood.ee\/en\/wp-json\/wp\/v2\/pages\/14232\/revisions"}],"predecessor-version":[{"id":14388,"href":"https:\/\/onewood.ee\/en\/wp-json\/wp\/v2\/pages\/14232\/revisions\/14388"}],"up":[{"embeddable":true,"href":"https:\/\/onewood.ee\/en\/wp-json\/wp\/v2\/pages\/14228"}],"wp:attachment":[{"href":"https:\/\/onewood.ee\/en\/wp-json\/wp\/v2\/media?parent=14232"}],"curies":[{"name":"wp","href":"https:\/\/api.w.org\/{rel}","templated":true}]}}