{"id":14214,"date":"2018-03-06T22:35:17","date_gmt":"2018-03-06T20:35:17","guid":{"rendered":"https:\/\/onewood.ee\/?page_id=14214"},"modified":"2025-08-25T14:24:00","modified_gmt":"2025-08-25T12:24:00","slug":"resellers-old","status":"publish","type":"page","link":"https:\/\/onewood.ee\/en\/resellers-old\/","title":{"rendered":"Resellers-old"},"content":{"rendered":"<div class=\"wpb-content-wrapper\">[vc_row css=&#8221;.vc_custom_1464644105730{margin-bottom: 30px !important;padding-top: 0px !important;padding-right: 0px !important;padding-bottom: 0px !important;padding-left: 0px !important;}&#8221;][vc_column][mk_advanced_gmaps custom_markers=&#8221;true&#8221; latitude=&#8221;59.358466&#8243; longitude=&#8221;24.929289&#8243; address=&#8221;Onewood O\u00dc &#8211; Aruk\u00fcla tee 65 J\u00fcri, Eesti&#8221; custom_marker_1=&#8221;https:\/\/media.onewood.ee\/uploads\/2016\/05\/map_icon.png&#8221; pin_icon=&#8221;https:\/\/media.onewood.ee\/uploads\/2016\/05\/map_icon.png&#8221; content_font_color=&#8221;#ffffff&#8221; height=&#8221;250&#8243; map_zoom=&#8221;15&#8243; pan_control=&#8221;false&#8221; draggable=&#8221;false&#8221; map_type_control=&#8221;false&#8221; scale_control=&#8221;false&#8221;][\/vc_column][\/vc_row][vc_row equal_columns=&#8221;true&#8221;][vc_column visibility=&#8221;hidden-tl&#8221; width=&#8221;1\/4&#8243;][mk_custom_sidebar sidebar=&#8221;sidebar-21&#8243;][\/vc_column][vc_column offset=&#8221;vc_col-lg-9 vc_col-md-9&#8243;][vc_row_inner attached=&#8221;true&#8221; is_fullwidth_content=&#8221;false&#8221; el_id=&#8221;resellers&#8221;][vc_column_inner][vc_column_text disable_pattern=&#8221;false&#8221; el_class=&#8221;ow-page-title-block&#8221;]\n<h1>Resellers<\/h1>\n[\/vc_column_text][vc_column_text]\n<h6>Estonia<\/h6>\n[\/vc_column_text][mk_table el_class=&#8221;ow-contacts-table&#8221;]\n<table width=\"100%\">\n<tbody>\n<tr>\n<td><strong>Puumarket AS<\/strong><\/td>\n<td><\/td>\n<td><\/td>\n<td><\/td>\n<td><\/td>\n<\/tr>\n<tr>\n<td>M\u00e4nniku<\/td>\n<td><a href=\"https:\/\/puumarket.ee\" target=\"_blank\" rel=\"noopener\">www.puumarket.ee<\/a><\/td>\n<td>V\u00e4ike-M\u00e4nniku 11, Tallinn<\/td>\n<td>+372 6791 551<\/td>\n<\/tr>\n<tr>\n<td>Mustam\u00e4e<\/td>\n<td><a href=\"https:\/\/puumarket.ee\" target=\"_blank\" rel=\"noopener\">www.puumarket.ee<\/a><\/td>\n<td>Laki 3a, Tallinn<\/td>\n<td>+372 656 3069<\/td>\n<\/tr>\n<tr>\n<td>Tartu<\/td>\n<td><a href=\"https:\/\/puumarket.ee\" target=\"_blank\" rel=\"noopener\">www.puumarket.ee<\/a><\/td>\n<td>Ringtee 37c, Tartu<\/td>\n<td>+372 733 7940<\/td>\n<\/tr>\n<tr>\n<td>P\u00e4rnu<\/td>\n<td><a href=\"https:\/\/puumarket.ee\" target=\"_blank\" rel=\"noopener\">www.puumarket.ee<\/a><\/td>\n<td>Lina 24, P\u00e4rnu<\/td>\n<td>+372 444 8080<\/td>\n<\/tr>\n<tr>\n<td>Rakvere<\/td>\n<td><a href=\"https:\/\/puumarket.ee\" target=\"_blank\" rel=\"noopener\">www.puumarket.ee<\/a><\/td>\n<td>Ringtee 3, Rakvere<\/td>\n<td>+372 324 4366<\/td>\n<\/tr>\n<tr>\n<\/tbody>\n<\/table>\n<table width=\"100%\">\n<tbody>\n<td><strong>Decora AS<\/strong><\/td>\n<td><\/td>\n<td><\/td>\n<td><\/td>\n<td><\/td>\n<\/tr>\n<tr>\n<td>Tallinn<\/td>\n<td><a href=\"https:\/\/www.decora.ee\" target=\"_blank\" rel=\"noopener\">www.decora.ee<\/a><\/td>\n<td>Laki 36, Tallinn<\/td>\n<td>+372 733 1353<\/td>\n<\/tr>\n<tr>\n<td>Tartu<\/td>\n<td><a href=\"https:\/\/www.decora.ee\" target=\"_blank\" rel=\"noopener\">www.decora.ee<\/a><\/td>\n<td>Riia 128, Tartu<\/td>\n<td>+372 530 71755<\/td>\n<\/tr>\n<tr>\n<td>P\u00e4rnu<\/td>\n<td><a href=\"https:\/\/www.decora.ee\" target=\"_blank\" rel=\"noopener\">www.decora.ee<\/a><\/td>\n<td>Lai 18, P\u00e4rnu<\/td>\n<td>+372 534 65669<\/td>\n<\/tr>\n<tr>\n<td>J\u00f5geva<\/td>\n<td><a href=\"https:\/\/www.decora.ee\" target=\"_blank\" rel=\"noopener noreferrer\">www.decora.ee<\/a><\/td>\n<td>J\u00f5geva Puiestee 38<\/td>\n<td> +372 50 545 66<\/td>\n<\/tr>\n<\/tbody>\n<\/table>\n<table width=\"100%\">\n<tbody>\n<tr>\n<td><b><strong>Trendwood O\u00dc<\/strong><\/b><\/td>\n<td><\/td>\n<td><\/td>\n<td><\/td>\n<td><\/td>\n<\/tr>\n<tr>\n<td>V\u00f5ru<\/td>\n<td><a href=\"http:\/\/www.trendwood.ee\" target=\"_blank\" rel=\"noopener\">www.trendwood.ee<\/a><\/td>\n<td>Pikk 4, V\u00f5ru<\/td>\n<td>+372 529 9551<\/td>\n<\/tr>\n<tr>\n<td>Viljandi<\/td>\n<td><a href=\"http:\/\/www.trendwood.ee\" target=\"_blank\" rel=\"noopener\">www.trendwood.ee<\/a><\/td>\n<td>Leola 69, Viljandi<\/td>\n<td>+372 527 6456<\/td>\n<\/tr>\n<tr>\n<td><strong>Javicar O\u00dc<\/strong><\/td>\n<td><a href=\"https:\/\/www.javicar.ee\" target=\"_blank\" rel=\"noopener\">www.javicar.ee<\/a><\/td>\n<td>Pikk 62h, Kuressaare<\/td>\n<td>+372\u00a0453 6610<\/td>\n<\/tr>\n<tr>\n<td><strong>Ehomer O\u00dc<\/strong><\/td>\n<td><a href=\"https:\/\/www.ehomer.ee\" target=\"_blank\" rel=\"noopener\">www.ehomer.ee<\/a><\/td>\n<td>Veerme 31, Tallinn<\/td>\n<td>+372\u00a0600 7207<\/td>\n<\/tr>\n<tr>\n<td><strong>Vires O\u00dc<\/strong><\/td>\n<td><a href=\"https:\/\/vires.ee\/avaleht\/terassid\/\" target=\"_blank\" rel=\"noopener noreferrer\">vires.ee<\/a><\/td>\n<td>Laeva 1, Tallinn, 10111, Eesti<\/td>\n<td>+372 553 4908<\/td>\n<\/tr>\n<tr>\n<td><strong>Terrassivennad O\u00dc<\/strong><\/td>\n<td><a href=\"https:\/\/www.terrassimaailm.eu\" target=\"_blank\" rel=\"noopener noreferrer\">www.terrassimaailm.eu<\/a><\/td>\n<td>Tiigi tee 15, \u00d5ssu, 61713, Tartu<\/td>\n<td>+372 5194 3553<\/td>\n<\/tr>\n<tr>\n<td><strong>Tvora UAB<\/strong><\/td>\n<td><a href=\"http:\/\/www.aiad.ee\">www.aiad.ee<\/a><\/td>\n<td>Kadaka tee 145a, Tallinn<\/td>\n<td>+372 8 801 995<\/td>\n<\/tr>\n<\/tbody>\n<\/table>\n<table width=\"100%\">\n<tbody>\n<tr>\n<td>\n<p>&nbsp;<\/p>\n<h6>Latvia<\/h6>\n<\/td>\n<td><\/td>\n<td><b>\u00a0\u00a0<\/b><\/td>\n<td><b>\u00a0\u00a0<\/b><\/td>\n<td><b>\u00a0\u00a0<\/b><\/td>\n<\/tr>\n<tr>\n<td><strong>Tvora UAB<\/strong><\/td>\n<td><a href=\"http:\/\/www.kompozitas.eu\" target=\"_blank\" rel=\"noopener\">www.kompozits.eu<\/a><\/td>\n<td>Katr\u012bnas dambis 14, Riga<\/td>\n<td>+371 6766 0919<\/td>\n<\/tr>\n<\/tbody>\n<\/table>\n<table width=\"100%\">\n<tbody>\n<tr>\n<td>\n<p>&nbsp;<\/p>\n<h6>Lithuania<\/h6>\n<\/td>\n<td><\/td>\n<td><b>\u00a0\u00a0<\/b><\/td>\n<td><b>\u00a0\u00a0<\/b><\/td>\n<td><b>\u00a0\u00a0<\/b><\/td>\n<\/tr>\n<tr>\n<td><strong>Tvora UAB<\/strong><\/td>\n<td><a href=\"http:\/\/www.kompozitas.eu\" target=\"_blank\" rel=\"noopener\">www.kompozitas.eu<\/a><\/td>\n<td>Liepkalnio 110, Vilnius<\/td>\n<td>+370 5259 5645<\/td>\n<\/tr>\n<\/tbody>\n<\/table>\n<table width=\"100%\">\n<tbody>\n<tr>\n<td>\n<p>&nbsp;<\/p>\n<h6>Finland<\/h6>\n<\/td>\n<td><\/td>\n<td><b>\u00a0\u00a0<\/b><\/td>\n<td><b>\u00a0\u00a0<\/b><\/td>\n<td><b>\u00a0\u00a0<\/b><\/td>\n<\/tr>\n<tr>\n<td><strong>Lakkap\u00e4\u00e4 OY<\/strong><\/td>\n<td><a href=\"https:\/\/www.lakkapaa.com\/\">www.lakkapaa.com<\/a><\/td>\n<td>Teollisuustie 13, Rovaniemi<\/td>\n<td>+358 10 7557 050<\/td>\n<\/tr>\n<tr>\n<td><\/td>\n<td><\/td>\n<td><\/td>\n<td><\/td>\n<td><\/td>\n<\/tr>\n<\/tbody>\n<\/table>\n[\/mk_table][vc_empty_space height=&#8221;30px&#8221;][\/vc_column_inner][\/vc_row_inner][vc_row_inner attached=&#8221;true&#8221; is_fullwidth_content=&#8221;false&#8221; el_id=&#8221;installers&#8221;][vc_column_inner][vc_column_text disable_pattern=&#8221;false&#8221; el_class=&#8221;ow-page-title-block&#8221;]\n<h1>Installers<\/h1>\n[\/vc_column_text][vc_column_text][\/vc_column_text]\n[mk_table el_class=&#8221;ow-contacts-table&#8221;]\n<table width=\"100%\">\n<tbody>\n<tr>\n<td>\n<h6>Estonia<\/h6>\n<\/td>\n<td><\/td>\n<td><\/td>\n<td><\/td>\n<td><\/td>\n<\/tr>\n<tr>\n<td><b>Honwick O\u00dc<\/b><\/td>\n<td>Terraces<\/td>\n<td><a href=\"http:\/\/www.terrassimeistrid.ee\">www.terrassimeistrid.ee<\/a><\/td>\n<td><a href=\"mailto:Info@terrassimeistrid.ee\">Info@terrassimeistrid.ee<\/a><\/td>\n<td>+372\u00a05635 4233<\/td>\n<\/tr>\n<tr>\n<td><strong>Vires O\u00dc<\/strong><\/td>\n<td>Terraces, facades<\/td>\n<td><a href=\"https:\/\/vires.ee\" target=\"_blank\" rel=\"noopener\">www.vires.ee<\/a><\/td>\n<td><a href=\"mailto:dmitri@vires.ee\">dmitri@vires.ee<\/a><\/td>\n<td>+372 553 4908<\/td>\n<\/tr>\n<tr>\n<td><strong>Terrassivennad O\u00dc<\/strong><\/td>\n<td>Terraces<\/td>\n<td><a href=\"https:\/\/www.terrassimaailm.eu\" target=\"_blank\" rel=\"noopener noreferrer\">www.terrassimaailm.eu<\/a><\/td>\n<td><a href=\"mailto:info@terrassivennad.ee\">info@terrassivennad.ee<\/a><\/td>\n<td>+372 5194 3553<\/td>\n<\/tr>\n<tr>\n<td><b><strong>Tvora UAB<\/strong>\u00a0\u00a0<\/b><\/td>\n<td>Terraces, fences, facades<\/td>\n<td><a href=\"http:\/\/www.aiad.ee\" target=\"_blank\" rel=\"noopener\">www.aiad.ee<\/a><\/td>\n<td><a href=\"mailto:info@aiad.ee\">info@aiad.ee<\/a><\/td>\n<td>+372 600 7207<\/td>\n<\/tr>\n<\/tbody>\n<\/table>\n<table width=\"100%\">\n<tbody>\n<tr>\n<td>\n<p>&nbsp;<\/p>\n<h6>Latvia<\/h6>\n<\/td>\n<td><\/td>\n<td><\/td>\n<td><\/td>\n<td><\/td>\n<\/tr>\n<tr>\n<td><strong>Tvora UAB<\/strong><\/td>\n<td>Terraces, fences, facades<\/td>\n<td><a href=\"http:\/\/www.kompozitas.eu\" target=\"_blank\" rel=\"noopener\">www.kompozits.eu<\/a><\/td>\n<td><a href=\"mailto:info@kompozits.eu\">info@kompozits.eu<\/a><\/td>\n<td>+371 6766 0919<\/td>\n<\/tr>\n<\/tbody>\n<\/table>\n<table width=\"100%\">\n<tbody>\n<tr>\n<td>\n<p>&nbsp;<\/p>\n<h6>Lithuania<\/h6>\n<\/td>\n<td><\/td>\n<td><\/td>\n<td><\/td>\n<td><\/td>\n<\/tr>\n<tr>\n<td><strong>Tvora UAB<\/strong><\/td>\n<td>Terraces, fences, facades<\/td>\n<td><a href=\"http:\/\/www.kompozitas.eu\" target=\"_blank\" rel=\"noopener\">www.kompozitas.eu<\/a><\/td>\n<td><a href=\"mailto:info@kompozitas.eu\">info@kompozitas.eu<\/a><\/td>\n<td>+370 5259 5645<\/td>\n<\/tr>\n<\/tbody>\n<\/table>\n[\/mk_table][vc_empty_space height=&#8221;30px&#8221;][\/vc_column_inner][\/vc_row_inner][\/vc_column][\/vc_row]\n<\/div>","protected":false},"excerpt":{"rendered":"<p>[vc_row css=&#8221;.vc_custom_1464644105730{margin-bottom: 30px !important;padding-top: 0px !important;padding-right: 0px !important;padding-bottom: 0px !important;padding-left: 0px !important;}&#8221;][vc_column][mk_advanced_gmaps custom_markers=&#8221;true&#8221; latitude=&#8221;59.358466&#8243; longitude=&#8221;24.929289&#8243; address=&#8221;Onewood O\u00dc &#8211; Aruk\u00fcla tee 65 J\u00fcri, Eesti&#8221; custom_marker_1=&#8221;https:\/\/media.onewood.ee\/uploads\/2016\/05\/map_icon.png&#8221; pin_icon=&#8221;https:\/\/media.onewood.ee\/uploads\/2016\/05\/map_icon.png&#8221; content_font_color=&#8221;#ffffff&#8221; height=&#8221;250&#8243; map_zoom=&#8221;15&#8243; pan_control=&#8221;false&#8221; draggable=&#8221;false&#8221; map_type_control=&#8221;false&#8221; scale_control=&#8221;false&#8221;][\/vc_column][\/vc_row][vc_row equal_columns=&#8221;true&#8221;][vc_column visibility=&#8221;hidden-tl&#8221; width=&#8221;1\/4&#8243;][mk_custom_sidebar sidebar=&#8221;sidebar-21&#8243;][\/vc_column][vc_column offset=&#8221;vc_col-lg-9 vc_col-md-9&#8243;][vc_row_inner attached=&#8221;true&#8221; is_fullwidth_content=&#8221;false&#8221; el_id=&#8221;resellers&#8221;][vc_column_inner][vc_column_text disable_pattern=&#8221;false&#8221; el_class=&#8221;ow-page-title-block&#8221;] Resellers [\/vc_column_text][vc_column_text] Estonia [\/vc_column_text][mk_table el_class=&#8221;ow-contacts-table&#8221;] Puumarket AS M\u00e4nniku www.puumarket.ee V\u00e4ike-M\u00e4nniku 11, Tallinn [&hellip;]<\/p>\n","protected":false},"author":1,"featured_media":0,"parent":0,"menu_order":0,"comment_status":"closed","ping_status":"closed","template":"","meta":{"_acf_changed":false,"footnotes":""},"class_list":["post-14214","page","type-page","status-publish","hentry"],"acf":[],"_links":{"self":[{"href":"https:\/\/onewood.ee\/en\/wp-json\/wp\/v2\/pages\/14214","targetHints":{"allow":["GET"]}}],"collection":[{"href":"https:\/\/onewood.ee\/en\/wp-json\/wp\/v2\/pages"}],"about":[{"href":"https:\/\/onewood.ee\/en\/wp-json\/wp\/v2\/types\/page"}],"author":[{"embeddable":true,"href":"https:\/\/onewood.ee\/en\/wp-json\/wp\/v2\/users\/1"}],"replies":[{"embeddable":true,"href":"https:\/\/onewood.ee\/en\/wp-json\/wp\/v2\/comments?post=14214"}],"version-history":[{"count":70,"href":"https:\/\/onewood.ee\/en\/wp-json\/wp\/v2\/pages\/14214\/revisions"}],"predecessor-version":[{"id":27182,"href":"https:\/\/onewood.ee\/en\/wp-json\/wp\/v2\/pages\/14214\/revisions\/27182"}],"wp:attachment":[{"href":"https:\/\/onewood.ee\/en\/wp-json\/wp\/v2\/media?parent=14214"}],"curies":[{"name":"wp","href":"https:\/\/api.w.org\/{rel}","templated":true}]}}